{"id":6739,"date":"2016-12-13T10:25:51","date_gmt":"2016-12-13T10:25:51","guid":{"rendered":"https:\/\/uus.kokariided.ee\/?product=klapiga-poll-106-pruun"},"modified":"2024-07-16T16:52:57","modified_gmt":"2024-07-16T16:52:57","slug":"klapiga-poll-106-pruun","status":"publish","type":"product","link":"https:\/\/uus.kokariided.ee\/en\/product\/klapiga-poll-106-pruun\/","title":{"rendered":"Klapiga p\u00f5ll 80x100cm Toffee"},"content":{"rendered":"","protected":false},"excerpt":{"rendered":"<p>P\u00f5ll 80x100cm, reguleeritavP\u00f5ll sobilik \u00a0meesteenindajale\/kokale, 1 taskugaMaterjalid:65%pol\u00fcester \/ 35 %puuvill<\/p>","protected":false},"featured_media":6740,"comment_status":"open","ping_status":"closed","template":"","meta":[],"product_cat":[775,104,112],"product_tag":[],"class_list":{"0":"post-6739","1":"product","2":"type-product","3":"status-publish","4":"has-post-thumbnail","6":"product_brand-exner","7":"product_cat-klapiga-poll-80x100cm1756114973","8":"product_cat-kokariided","9":"product_cat-polled","11":"first","12":"instock","13":"shipping-taxable","14":"purchasable","15":"product-type-simple"},"_links":{"self":[{"href":"https:\/\/uus.kokariided.ee\/en\/wp-json\/wp\/v2\/product\/6739","targetHints":{"allow":["GET"]}}],"collection":[{"href":"https:\/\/uus.kokariided.ee\/en\/wp-json\/wp\/v2\/product"}],"about":[{"href":"https:\/\/uus.kokariided.ee\/en\/wp-json\/wp\/v2\/types\/product"}],"replies":[{"embeddable":true,"href":"https:\/\/uus.kokariided.ee\/en\/wp-json\/wp\/v2\/comments?post=6739"}],"wp:featuredmedia":[{"embeddable":true,"href":"https:\/\/uus.kokariided.ee\/en\/wp-json\/wp\/v2\/media\/6740"}],"wp:attachment":[{"href":"https:\/\/uus.kokariided.ee\/en\/wp-json\/wp\/v2\/media?parent=6739"}],"wp:term":[{"taxonomy":"product_cat","embeddable":true,"href":"https:\/\/uus.kokariided.ee\/en\/wp-json\/wp\/v2\/product_cat?post=6739"},{"taxonomy":"product_tag","embeddable":true,"href":"https:\/\/uus.kokariided.ee\/en\/wp-json\/wp\/v2\/product_tag?post=6739"}],"curies":[{"name":"wp","href":"https:\/\/api.w.org\/{rel}","templated":true}]}}