{"id":6762,"date":"2016-12-15T13:10:07","date_gmt":"2016-12-15T13:10:07","guid":{"rendered":"https:\/\/uus.kokariided.ee\/?product=noeoebid-red"},"modified":"2022-05-18T16:18:27","modified_gmt":"2022-05-18T16:18:27","slug":"noeoebid-red","status":"publish","type":"product","link":"https:\/\/uus.kokariided.ee\/en\/product\/noeoebid-red\/","title":{"rendered":"N\u00f6\u00f6bid Red"},"content":{"rendered":"","protected":false},"excerpt":{"rendered":"<p>N\u00f6\u00f6pe 12 tk. pakis<\/p>","protected":false},"featured_media":6763,"comment_status":"open","ping_status":"closed","template":"","meta":[],"product_cat":[109,104],"product_tag":[],"class_list":{"0":"post-6762","1":"product","2":"type-product","3":"status-publish","4":"has-post-thumbnail","6":"product_brand-egochef","7":"product_cat-kokajaki-noeoebid","8":"product_cat-kokariided","10":"first","11":"instock","12":"shipping-taxable","13":"purchasable","14":"product-type-simple"},"_links":{"self":[{"href":"https:\/\/uus.kokariided.ee\/en\/wp-json\/wp\/v2\/product\/6762","targetHints":{"allow":["GET"]}}],"collection":[{"href":"https:\/\/uus.kokariided.ee\/en\/wp-json\/wp\/v2\/product"}],"about":[{"href":"https:\/\/uus.kokariided.ee\/en\/wp-json\/wp\/v2\/types\/product"}],"replies":[{"embeddable":true,"href":"https:\/\/uus.kokariided.ee\/en\/wp-json\/wp\/v2\/comments?post=6762"}],"wp:featuredmedia":[{"embeddable":true,"href":"https:\/\/uus.kokariided.ee\/en\/wp-json\/wp\/v2\/media\/6763"}],"wp:attachment":[{"href":"https:\/\/uus.kokariided.ee\/en\/wp-json\/wp\/v2\/media?parent=6762"}],"wp:term":[{"taxonomy":"product_cat","embeddable":true,"href":"https:\/\/uus.kokariided.ee\/en\/wp-json\/wp\/v2\/product_cat?post=6762"},{"taxonomy":"product_tag","embeddable":true,"href":"https:\/\/uus.kokariided.ee\/en\/wp-json\/wp\/v2\/product_tag?post=6762"}],"curies":[{"name":"wp","href":"https:\/\/api.w.org\/{rel}","templated":true}]}}