{"id":6810,"date":"2017-01-16T12:39:56","date_gmt":"2017-01-16T12:39:56","guid":{"rendered":"https:\/\/uus.kokariided.ee\/?product=noeoebid-yellow-1755940904"},"modified":"2021-11-12T11:46:48","modified_gmt":"2021-11-12T11:46:48","slug":"noeoebid-yellow-1755940904","status":"publish","type":"product","link":"https:\/\/uus.kokariided.ee\/en\/product\/noeoebid-yellow-1755940904\/","title":{"rendered":"N\u00f6\u00f6bid Yellow"},"content":{"rendered":"","protected":false},"excerpt":{"rendered":"<p>N\u00f6\u00f6pe 12 tk. pakis<\/p>","protected":false},"featured_media":6811,"comment_status":"open","ping_status":"closed","template":"","meta":[],"product_cat":[109,104],"product_tag":[],"class_list":{"0":"post-6810","1":"product","2":"type-product","3":"status-publish","4":"has-post-thumbnail","6":"product_brand-greiff","7":"product_cat-kokajaki-noeoebid","8":"product_cat-kokariided","10":"first","11":"instock","12":"shipping-taxable","13":"purchasable","14":"product-type-simple"},"_links":{"self":[{"href":"https:\/\/uus.kokariided.ee\/en\/wp-json\/wp\/v2\/product\/6810","targetHints":{"allow":["GET"]}}],"collection":[{"href":"https:\/\/uus.kokariided.ee\/en\/wp-json\/wp\/v2\/product"}],"about":[{"href":"https:\/\/uus.kokariided.ee\/en\/wp-json\/wp\/v2\/types\/product"}],"replies":[{"embeddable":true,"href":"https:\/\/uus.kokariided.ee\/en\/wp-json\/wp\/v2\/comments?post=6810"}],"wp:featuredmedia":[{"embeddable":true,"href":"https:\/\/uus.kokariided.ee\/en\/wp-json\/wp\/v2\/media\/6811"}],"wp:attachment":[{"href":"https:\/\/uus.kokariided.ee\/en\/wp-json\/wp\/v2\/media?parent=6810"}],"wp:term":[{"taxonomy":"product_cat","embeddable":true,"href":"https:\/\/uus.kokariided.ee\/en\/wp-json\/wp\/v2\/product_cat?post=6810"},{"taxonomy":"product_tag","embeddable":true,"href":"https:\/\/uus.kokariided.ee\/en\/wp-json\/wp\/v2\/product_tag?post=6810"}],"curies":[{"name":"wp","href":"https:\/\/api.w.org\/{rel}","templated":true}]}}