{"id":6825,"date":"2017-03-13T12:02:38","date_gmt":"2017-03-13T12:02:38","guid":{"rendered":"https:\/\/uus.kokariided.ee\/?product=klapiga-poll-75x100cm-4-taskut"},"modified":"2024-07-17T13:32:32","modified_gmt":"2024-07-17T13:32:32","slug":"klapiga-poll-75x100cm-4-taskut","status":"publish","type":"product","link":"https:\/\/uus.kokariided.ee\/en\/product\/klapiga-poll-75x100cm-4-taskut\/","title":{"rendered":"Klapiga p\u00f5ll 75x100cm 4 taskut"},"content":{"rendered":"","protected":false},"excerpt":{"rendered":"<p>See 4 taskuga klapiga p\u00f5ll sobib ideaalselt teenindavale personalile kuid ka kokale. Mugavaks muudab p\u00f5llel olev l\u00f5hik ja 4 taskut. P\u00f5ll kaela tagant reguleeritav. Saadaval kahes trendikas toonis, must ja taupe.<\/p>\n<p>Reguleeritav kaela tagant<br \/>\nL\u00f5hik<\/p>\n<p>67%Pol\u00fcester\/33%puuvill<\/p>","protected":false},"featured_media":6826,"comment_status":"open","ping_status":"closed","template":"","meta":[],"product_cat":[743,770,104,112,146,145],"product_tag":[],"class_list":{"0":"post-6825","1":"product","2":"type-product","3":"status-publish","4":"has-post-thumbnail","6":"product_brand-chaud-devant","7":"product_cat-klapiga-poll-75x100cm","8":"product_cat-klapiga-poll-75x100cm1756114963","9":"product_cat-kokariided","10":"product_cat-polled","11":"product_cat-polled1755886053","12":"product_cat-teenindusriided","14":"first","15":"instock","16":"shipping-taxable","17":"purchasable","18":"product-type-simple"},"_links":{"self":[{"href":"https:\/\/uus.kokariided.ee\/en\/wp-json\/wp\/v2\/product\/6825","targetHints":{"allow":["GET"]}}],"collection":[{"href":"https:\/\/uus.kokariided.ee\/en\/wp-json\/wp\/v2\/product"}],"about":[{"href":"https:\/\/uus.kokariided.ee\/en\/wp-json\/wp\/v2\/types\/product"}],"replies":[{"embeddable":true,"href":"https:\/\/uus.kokariided.ee\/en\/wp-json\/wp\/v2\/comments?post=6825"}],"wp:featuredmedia":[{"embeddable":true,"href":"https:\/\/uus.kokariided.ee\/en\/wp-json\/wp\/v2\/media\/6826"}],"wp:attachment":[{"href":"https:\/\/uus.kokariided.ee\/en\/wp-json\/wp\/v2\/media?parent=6825"}],"wp:term":[{"taxonomy":"product_cat","embeddable":true,"href":"https:\/\/uus.kokariided.ee\/en\/wp-json\/wp\/v2\/product_cat?post=6825"},{"taxonomy":"product_tag","embeddable":true,"href":"https:\/\/uus.kokariided.ee\/en\/wp-json\/wp\/v2\/product_tag?post=6825"}],"curies":[{"name":"wp","href":"https:\/\/api.w.org\/{rel}","templated":true}]}}