{"id":6894,"date":"2017-06-19T10:55:04","date_gmt":"2017-06-19T10:55:04","guid":{"rendered":"https:\/\/uus.kokariided.ee\/?product=profi-bellerina"},"modified":"2024-05-22T16:00:11","modified_gmt":"2024-05-22T16:00:11","slug":"profi-bellerina","status":"publish","type":"product","link":"https:\/\/uus.kokariided.ee\/en\/product\/profi-bellerina\/","title":{"rendered":"Profi Ballerina lipsuga"},"content":{"rendered":"<h2>JALAN\u00d5UDE HOOLDUSJUHISED<\/h2>\n<p>1. Jalan\u00f5ud tuleb valida oma jala kuju ja suuruse j\u00e4rgi, et jalg ei oleks kinni surutud.<br \/>2. Jalan\u00f5ude jalga panemisel tuleb kasutada kingalusikat, et mitte l\u00f5hkuda kanna\u00f5mblusi.<br \/>3. Uusi jalan\u00f5usid tuleb t\u00f6\u00f6delda selleks, et kaitsta neid v\u00e4lism\u00f5jude eest. Kui ilm on niiske, peaks jalan\u00f5usid t\u00f6\u00f6tlema mitu korda n\u00e4dalas.<br \/>4. Naturaalsest nahast jalan\u00f5usid tuleb puhastada vaid selleks etten\u00e4htud vahendeid kasutades: niiske salvr\u00e4tiku v\u00f5i puhastamiseks ette n\u00e4htud kreemiga. Veega ei tohi neid pesta.<br \/>5. Naturaalsest nahast jalan\u00f5usid tuleb kaitsta vihma eest ja neid mitte kanda siis, kui need on m\u00e4rjad.<br \/>6. Jalan\u00f5usid soovitatakse kuivatada toatemperatuuril. \u00c4rge kuivatage neid avatud tule, radiaatori v\u00f5i kamina juures, kuna siis muutub nahk kuivaks, k\u00f5vaks ja hakkab murduma.<br \/>7. Naturaalsest nubuk- ja seemisnahast jalan\u00f5usid peab hooldama sobivate vahenditega.<br \/>8. Lakkjalan\u00f5usid tohib kanda mitte madalamal temperatuuril kui -5 \u00baC.<br \/>9. Lakknahast ja heledad jalan\u00f5ud, mida m\u00f5jutab otsene p\u00e4ikesevalgus, v\u00f5ivad muuta v\u00e4rvi.<br \/>10. Jalan\u00f5usid, mis on valmistatud kummist (v\u00f5i kummi baasil) ei soovitata pesta pesumasinas. Selliseid jalan\u00f5usid ei tohi s\u00e4ilitada suures kuumuses v\u00f5i otseses p\u00e4ikesevalguses. \u00c4rge kuivatage jalan\u00f5usid radiaatori juures, \u00e4rge kasutage teisi kuivatusseadmeid \u2013 k\u00f5rge temperatuuri m\u00f5jul v\u00f5ivad jalan\u00f5ud deformeeruda (v\u00f5ib muutuda nende suurus).<br \/>11. Jalan\u00f5usid, mis on valmistatud tekstiilist, ei soovitata pesta pesumasinas. Selliseid jalan\u00f5usid ei tohi kanda vihmaga. M\u00e4rgi jalan\u00f5usid ei tohi kuivatada radiaatorite juures v\u00f5i kasutades teisi kuivatusseadmeid \u2013 k\u00f5rge temperatuuri m\u00f5jul v\u00f5ib v\u00e4rv pleekida v\u00f5i muutuda.<br \/>12. Soovitatakse pidevalt j\u00e4lgida jalan\u00f5ude seisundit ja parandada neid \u00f5igeaegselt.<br \/>13. Tuleb kaitsta jalan\u00f5usid teravate esemete eest, mis v\u00f5ivad rikkuda jalan\u00f5ude pinna, samuti keemiliste toodete, hapete, lahustite jne eest.<br \/>14. T\u00c4HTIS. Selliseid kahjustusi nagu kulunud kand, jalan\u00f5ude kulumine v\u00f5i defektid, mis tekivad jalan\u00f5ude hooldusjuhiste eiramisel, samuti v\u00e4ikesi defekte, mis ei m\u00f5juta jalan\u00f5ude kandmist, ei peeta praagiks.<br \/>15. Garantii ei kehti v\u00e4ikest remonti vajavatele ja asendatavatele viimistlusdetailidele, kontsaplekkidele ja sisetaldadele.<br \/>16. T\u00c4HELEPANU. Garantii ei kehti jalan\u00f5ude kaunistuselementidele: pannaldele, paeltele, litritele, p\u00e4rlitele jne.<br \/>17. Raha ei tagastata, kui jalan\u00f5usid on m\u00f5nda aega kantud ja suurus v\u00f5i mudel ei sobinud v\u00f5i kui jalan\u00f5ud tundusid ebamugavad.<br \/>18. Kandmata jalan\u00f5usid v\u00f5ib tagastada 14 p\u00e4eva jooksul, t\u00e4ites elektroonilise kaubatagastusvormi.<br \/>Jalan\u00f5ude tagastamisel tuleb esitada ostut\u0161ekk.<\/p>","protected":false},"excerpt":{"rendered":"<p>Super mugavad Sonja Ricci Profi Balleriinad, valmistatud k\u00f5rge kvaliteedilisest vasika nahast. Pealt kummipaelega serv annab sobiliku kuju ja kindla haarde. Baleriinad sobivad nii kitsa kui ka laia liistuga jalale t\u00e4nu v\u00e4ga kvaliteeedilise ja pehmele nahale. Balleriinade sisetald on v\u00e4ga mugav ja energiat neelav, v\u00e4listald aga mitte libisev. \u00c4\u00e4rmiselt mugavad ja on m\u00f5eldud pikadeks t\u00f6\u00f6p\u00e4evadeks.<\/p>","protected":false},"featured_media":6895,"comment_status":"open","ping_status":"closed","template":"","meta":[],"product_cat":[791,792,145],"product_tag":[],"class_list":{"0":"post-6894","1":"product","2":"type-product","3":"status-publish","4":"has-post-thumbnail","6":"product_brand-sonja-ricci","7":"product_cat-jalanoud1756115218","8":"product_cat-naiste-jalanoud","9":"product_cat-teenindusriided","11":"first","12":"instock","13":"shipping-taxable","14":"purchasable","15":"product-type-variable"},"_links":{"self":[{"href":"https:\/\/uus.kokariided.ee\/en\/wp-json\/wp\/v2\/product\/6894","targetHints":{"allow":["GET"]}}],"collection":[{"href":"https:\/\/uus.kokariided.ee\/en\/wp-json\/wp\/v2\/product"}],"about":[{"href":"https:\/\/uus.kokariided.ee\/en\/wp-json\/wp\/v2\/types\/product"}],"replies":[{"embeddable":true,"href":"https:\/\/uus.kokariided.ee\/en\/wp-json\/wp\/v2\/comments?post=6894"}],"wp:featuredmedia":[{"embeddable":true,"href":"https:\/\/uus.kokariided.ee\/en\/wp-json\/wp\/v2\/media\/6895"}],"wp:attachment":[{"href":"https:\/\/uus.kokariided.ee\/en\/wp-json\/wp\/v2\/media?parent=6894"}],"wp:term":[{"taxonomy":"product_cat","embeddable":true,"href":"https:\/\/uus.kokariided.ee\/en\/wp-json\/wp\/v2\/product_cat?post=6894"},{"taxonomy":"product_tag","embeddable":true,"href":"https:\/\/uus.kokariided.ee\/en\/wp-json\/wp\/v2\/product_tag?post=6894"}],"curies":[{"name":"wp","href":"https:\/\/api.w.org\/{rel}","templated":true}]}}