{"id":6906,"date":"2017-07-11T14:24:16","date_gmt":"2017-07-11T14:24:16","guid":{"rendered":"https:\/\/uus.kokariided.ee\/?product=voeoepoll-multi-pocket-blue-denim-26"},"modified":"2023-07-04T17:05:30","modified_gmt":"2023-07-04T17:05:30","slug":"voeoepoll-multi-pocket-blue-denim-26","status":"publish","type":"product","link":"https:\/\/uus.kokariided.ee\/en\/product\/voeoepoll-multi-pocket-blue-denim-26\/","title":{"rendered":"V\u00f6\u00f6p\u00f5ll Multi Pocket Blue Denim 26&#8243;"},"content":{"rendered":"","protected":false},"excerpt":{"rendered":"<p>Stiilne teksa v\u00f6\u00f6p\u00f5ll\u00a0mitmete taskutega.<br \/>\n100% puuvill, 90x65cm<br \/>\nHooldamine:<\/p>","protected":false},"featured_media":6907,"comment_status":"open","ping_status":"closed","template":"","meta":[],"product_cat":[104,112,146,145,762,763],"product_tag":[229,228],"class_list":{"0":"post-6906","1":"product","2":"type-product","3":"status-publish","4":"has-post-thumbnail","6":"product_brand-chaud-devant","7":"product_cat-kokariided","8":"product_cat-polled","9":"product_cat-polled1755886053","10":"product_cat-teenindusriided","11":"product_cat-voeoepoll-90x65cm","12":"product_cat-voeoepoll-90x65cm1756114949","13":"product_tag-soodne","14":"product_tag-soodus","16":"first","17":"instock","18":"sale","19":"shipping-taxable","20":"purchasable","21":"product-type-simple"},"_links":{"self":[{"href":"https:\/\/uus.kokariided.ee\/en\/wp-json\/wp\/v2\/product\/6906","targetHints":{"allow":["GET"]}}],"collection":[{"href":"https:\/\/uus.kokariided.ee\/en\/wp-json\/wp\/v2\/product"}],"about":[{"href":"https:\/\/uus.kokariided.ee\/en\/wp-json\/wp\/v2\/types\/product"}],"replies":[{"embeddable":true,"href":"https:\/\/uus.kokariided.ee\/en\/wp-json\/wp\/v2\/comments?post=6906"}],"wp:featuredmedia":[{"embeddable":true,"href":"https:\/\/uus.kokariided.ee\/en\/wp-json\/wp\/v2\/media\/6907"}],"wp:attachment":[{"href":"https:\/\/uus.kokariided.ee\/en\/wp-json\/wp\/v2\/media?parent=6906"}],"wp:term":[{"taxonomy":"product_cat","embeddable":true,"href":"https:\/\/uus.kokariided.ee\/en\/wp-json\/wp\/v2\/product_cat?post=6906"},{"taxonomy":"product_tag","embeddable":true,"href":"https:\/\/uus.kokariided.ee\/en\/wp-json\/wp\/v2\/product_tag?post=6906"}],"curies":[{"name":"wp","href":"https:\/\/api.w.org\/{rel}","templated":true}]}}