{"id":6910,"date":"2017-07-11T14:50:59","date_gmt":"2017-07-11T14:50:59","guid":{"rendered":"https:\/\/uus.kokariided.ee\/?product=voeoepoll-4-pockets-90x80cm-must"},"modified":"2025-01-31T14:30:28","modified_gmt":"2025-01-31T14:30:28","slug":"voeoepoll-4-pockets-90x80cm-must","status":"publish","type":"product","link":"https:\/\/uus.kokariided.ee\/en\/product\/voeoepoll-4-pockets-90x80cm-must\/","title":{"rendered":"V\u00f6\u00f6p\u00f5ll 4-pockets 90x80cm, must"},"content":{"rendered":"","protected":false},"excerpt":{"rendered":"<p>Kasutajas\u00f5bralik teenindajap\u00f5ll 4 taskuga, kuhu saab teenindamiseks vajalikud esemed kenasti paigutada. Taskud on ergonoomiliselt paigutatud ja v\u00e4ga praktilised. P\u00f5lle keskosas asuv l\u00f5hik pakub t\u00e4ielikku liikumsvabadust ja annab ka trendika v\u00e4limuse.<br \/>\n67% pol\u00fcester, 33% puuvill,\u00a0200 gr\/m2<\/p>","protected":false},"featured_media":6911,"comment_status":"open","ping_status":"closed","template":"","meta":[],"product_cat":[104,112,145,764,765],"product_tag":[],"class_list":{"0":"post-6910","1":"product","2":"type-product","3":"status-publish","4":"has-post-thumbnail","6":"product_brand-chaud-devant","7":"product_cat-kokariided","8":"product_cat-polled","9":"product_cat-teenindusriided","10":"product_cat-voeoepoll-90x80cm","11":"product_cat-voeoepoll-90x80cm1756114954","13":"first","14":"instock","15":"shipping-taxable","16":"purchasable","17":"product-type-simple"},"_links":{"self":[{"href":"https:\/\/uus.kokariided.ee\/en\/wp-json\/wp\/v2\/product\/6910","targetHints":{"allow":["GET"]}}],"collection":[{"href":"https:\/\/uus.kokariided.ee\/en\/wp-json\/wp\/v2\/product"}],"about":[{"href":"https:\/\/uus.kokariided.ee\/en\/wp-json\/wp\/v2\/types\/product"}],"replies":[{"embeddable":true,"href":"https:\/\/uus.kokariided.ee\/en\/wp-json\/wp\/v2\/comments?post=6910"}],"wp:featuredmedia":[{"embeddable":true,"href":"https:\/\/uus.kokariided.ee\/en\/wp-json\/wp\/v2\/media\/6911"}],"wp:attachment":[{"href":"https:\/\/uus.kokariided.ee\/en\/wp-json\/wp\/v2\/media?parent=6910"}],"wp:term":[{"taxonomy":"product_cat","embeddable":true,"href":"https:\/\/uus.kokariided.ee\/en\/wp-json\/wp\/v2\/product_cat?post=6910"},{"taxonomy":"product_tag","embeddable":true,"href":"https:\/\/uus.kokariided.ee\/en\/wp-json\/wp\/v2\/product_tag?post=6910"}],"curies":[{"name":"wp","href":"https:\/\/api.w.org\/{rel}","templated":true}]}}