{"id":7000,"date":"2017-08-14T12:28:24","date_gmt":"2017-08-14T12:28:24","guid":{"rendered":"https:\/\/uus.kokariided.ee\/?product=naiste-seelik-1755941059"},"modified":"2025-04-11T14:32:49","modified_gmt":"2025-04-11T14:32:49","slug":"naiste-seelik-1755941059","status":"publish","type":"product","link":"https:\/\/uus.kokariided.ee\/en\/product\/naiste-seelik-1755941059\/","title":{"rendered":"Naiste seelik"},"content":{"rendered":"<pre class=\"tw-data-text tw-ta tw-text-small\" dir=\"ltr\"><span lang=\"et\" xml:lang=\"et\">COMFORT FIT, l\u00f5hik, t\u00e4ielikult vooderdatud, seeliku pikkus 54 cm, suurtel suurustel 62 cm, masinpestav<br \/><\/span><\/pre>\n<p>V\u00e4liskangas:<\/p>\n<table cellpadding=\"0\" cellspacing=\"0\">\n<tbody>\n<tr>\n<td>\n<table cellpadding=\"0\" cellspacing=\"0\">\n<tbody>\n<tr>\n<td class=\"linesheet_normal_value\">Polyester<\/td>\n<\/tr>\n<tr>\n<td class=\"linesheet_normal_value\">virgin wool<\/td>\n<\/tr>\n<tr>\n<td class=\"linesheet_normal_value\">elastane<\/td>\n<\/tr>\n<\/tbody>\n<\/table>\n<\/td>\n<td>\u00a0\u00a0\u00a0<\/td>\n<td>\n<table cellpadding=\"0\" cellspacing=\"0\">\n<tbody>\n<tr>\n<td class=\"linesheet_normal_value\">54%<\/td>\n<\/tr>\n<tr>\n<td class=\"linesheet_normal_value\">44%<\/td>\n<\/tr>\n<tr>\n<td class=\"linesheet_normal_value\">2%<\/td>\n<\/tr>\n<\/tbody>\n<\/table>\n<\/td>\n<\/tr>\n<\/tbody>\n<\/table>\n<p>Vooder:\u00a0<\/p>\n<table cellpadding=\"0\" cellspacing=\"0\">\n<tbody>\n<tr>\n<td>\n<table cellpadding=\"0\" cellspacing=\"0\">\n<tbody>\n<tr>\n<td class=\"linesheet_normal_value\">Polyester<\/td>\n<\/tr>\n<\/tbody>\n<\/table>\n<\/td>\n<td>\u00a0\u00a0\u00a0<\/td>\n<td>\n<table cellpadding=\"0\" cellspacing=\"0\">\n<tbody>\n<tr>\n<td class=\"linesheet_normal_value\">100%<\/p>\n<\/td>\n<\/tr>\n<\/tbody>\n<\/table>\n<\/td>\n<\/tr>\n<\/tbody>\n<\/table>","protected":false},"excerpt":{"rendered":"<p>Greiffi\u00a0kuulus kaasaegne kollektsioon on\u00a0muljetavaldava l\u00f5ikega\u00a0ja kangaga. Coolmax-kangas s\u00e4ilitab \u00fchtlase temperatuuri, reguleerib niiskust, on hingav ja t\u00e4ielikult masinpestav.<br \/>\nVAATA VIDEOT!\u00a0&#8211; kuidas hooldada<\/p>","protected":false},"featured_media":7001,"comment_status":"open","ping_status":"closed","template":"","meta":[],"product_cat":[758,145],"product_tag":[],"class_list":{"0":"post-7000","1":"product","2":"type-product","3":"status-publish","4":"has-post-thumbnail","6":"product_brand-greiff","7":"product_cat-seelikud","8":"product_cat-teenindusriided","10":"first","11":"instock","12":"shipping-taxable","13":"purchasable","14":"product-type-variable"},"_links":{"self":[{"href":"https:\/\/uus.kokariided.ee\/en\/wp-json\/wp\/v2\/product\/7000","targetHints":{"allow":["GET"]}}],"collection":[{"href":"https:\/\/uus.kokariided.ee\/en\/wp-json\/wp\/v2\/product"}],"about":[{"href":"https:\/\/uus.kokariided.ee\/en\/wp-json\/wp\/v2\/types\/product"}],"replies":[{"embeddable":true,"href":"https:\/\/uus.kokariided.ee\/en\/wp-json\/wp\/v2\/comments?post=7000"}],"wp:featuredmedia":[{"embeddable":true,"href":"https:\/\/uus.kokariided.ee\/en\/wp-json\/wp\/v2\/media\/7001"}],"wp:attachment":[{"href":"https:\/\/uus.kokariided.ee\/en\/wp-json\/wp\/v2\/media?parent=7000"}],"wp:term":[{"taxonomy":"product_cat","embeddable":true,"href":"https:\/\/uus.kokariided.ee\/en\/wp-json\/wp\/v2\/product_cat?post=7000"},{"taxonomy":"product_tag","embeddable":true,"href":"https:\/\/uus.kokariided.ee\/en\/wp-json\/wp\/v2\/product_tag?post=7000"}],"curies":[{"name":"wp","href":"https:\/\/api.w.org\/{rel}","templated":true}]}}