{"id":7158,"date":"2017-08-15T10:57:23","date_gmt":"2017-08-15T10:57:23","guid":{"rendered":"https:\/\/uus.kokariided.ee\/?product=meeste-triiksaerk-valge"},"modified":"2024-05-15T13:05:20","modified_gmt":"2024-05-15T13:05:20","slug":"meeste-triiksaerk-valge","status":"publish","type":"product","link":"https:\/\/uus.kokariided.ee\/en\/product\/meeste-triiksaerk-valge\/","title":{"rendered":"Meeste triiks\u00e4rk, valge"},"content":{"rendered":"","protected":false},"excerpt":{"rendered":"<p>Meeste\u00a0pikkade varrukatega valge triiks\u00e4rk, millel on n\u00f6\u00f6pidega must peidetud kinnitus. Mugav kanda sest materjal venib t\u00e4nu elastaanile.<br \/>\nMaterjal: 62% puuvill, 35% pol\u00fcester, 3% elastaan, 130 g\/m2<br \/>\nVAATA VIDEOT!<\/p>","protected":false},"featured_media":7159,"comment_status":"open","ping_status":"closed","template":"","meta":[],"product_cat":[754,753,106,145],"product_tag":[333],"class_list":{"0":"post-7158","1":"product","2":"type-product","3":"status-publish","4":"has-post-thumbnail","6":"product_brand-greiff","7":"product_cat-meeste-saergid","8":"product_cat-saergid-ja-pluusid","9":"product_cat-soodusmueuek","10":"product_cat-teenindusriided","11":"product_tag-elastaan","13":"first","14":"instock","15":"shipping-taxable","16":"purchasable","17":"product-type-variable"},"_links":{"self":[{"href":"https:\/\/uus.kokariided.ee\/en\/wp-json\/wp\/v2\/product\/7158","targetHints":{"allow":["GET"]}}],"collection":[{"href":"https:\/\/uus.kokariided.ee\/en\/wp-json\/wp\/v2\/product"}],"about":[{"href":"https:\/\/uus.kokariided.ee\/en\/wp-json\/wp\/v2\/types\/product"}],"replies":[{"embeddable":true,"href":"https:\/\/uus.kokariided.ee\/en\/wp-json\/wp\/v2\/comments?post=7158"}],"wp:featuredmedia":[{"embeddable":true,"href":"https:\/\/uus.kokariided.ee\/en\/wp-json\/wp\/v2\/media\/7159"}],"wp:attachment":[{"href":"https:\/\/uus.kokariided.ee\/en\/wp-json\/wp\/v2\/media?parent=7158"}],"wp:term":[{"taxonomy":"product_cat","embeddable":true,"href":"https:\/\/uus.kokariided.ee\/en\/wp-json\/wp\/v2\/product_cat?post=7158"},{"taxonomy":"product_tag","embeddable":true,"href":"https:\/\/uus.kokariided.ee\/en\/wp-json\/wp\/v2\/product_tag?post=7158"}],"curies":[{"name":"wp","href":"https:\/\/api.w.org\/{rel}","templated":true}]}}