{"id":7243,"date":"2017-08-15T15:44:17","date_gmt":"2017-08-15T15:44:17","guid":{"rendered":"https:\/\/uus.kokariided.ee\/?product=meeste-regularfit-kottpueksid-teksahall"},"modified":"2024-05-15T13:05:20","modified_gmt":"2024-05-15T13:05:20","slug":"meeste-regularfit-kottpueksid-teksahall","status":"publish","type":"product","link":"https:\/\/uus.kokariided.ee\/en\/product\/meeste-regularfit-kottpueksid-teksahall\/","title":{"rendered":"Meeste RegularFit kottp\u00fcksid, teksahall"},"content":{"rendered":"","protected":false},"excerpt":{"rendered":"<p>Meeste kahe taskuga alt kummiga stiilsed kottp\u00fcksid, mille kummiv\u00e4rvlit saab reguleerida paelaga. P\u00fcksid on v\u00e4limuselt teksa stiilis materjalist ning v\u00e4rvuselt tumehallid. Mugavalt venivad t\u00e4nu elastaanile.\u00a0<br \/>\nMaterjal: 52% puuvill, 45% pol\u00fcester, 3% elastaan<br \/>\nRegularFit<\/p>","protected":false},"featured_media":7244,"comment_status":"open","ping_status":"closed","template":"","meta":[],"product_cat":[104,787,113,106],"product_tag":[],"class_list":{"0":"post-7243","1":"product","2":"type-product","3":"status-publish","4":"has-post-thumbnail","6":"product_brand-greiff","7":"product_cat-kokariided","8":"product_cat-meeste-kokapueksid","9":"product_cat-pueksid","10":"product_cat-soodusmueuek","12":"first","13":"instock","14":"sale","15":"shipping-taxable","16":"purchasable","17":"product-type-variable"},"_links":{"self":[{"href":"https:\/\/uus.kokariided.ee\/en\/wp-json\/wp\/v2\/product\/7243","targetHints":{"allow":["GET"]}}],"collection":[{"href":"https:\/\/uus.kokariided.ee\/en\/wp-json\/wp\/v2\/product"}],"about":[{"href":"https:\/\/uus.kokariided.ee\/en\/wp-json\/wp\/v2\/types\/product"}],"replies":[{"embeddable":true,"href":"https:\/\/uus.kokariided.ee\/en\/wp-json\/wp\/v2\/comments?post=7243"}],"wp:featuredmedia":[{"embeddable":true,"href":"https:\/\/uus.kokariided.ee\/en\/wp-json\/wp\/v2\/media\/7244"}],"wp:attachment":[{"href":"https:\/\/uus.kokariided.ee\/en\/wp-json\/wp\/v2\/media?parent=7243"}],"wp:term":[{"taxonomy":"product_cat","embeddable":true,"href":"https:\/\/uus.kokariided.ee\/en\/wp-json\/wp\/v2\/product_cat?post=7243"},{"taxonomy":"product_tag","embeddable":true,"href":"https:\/\/uus.kokariided.ee\/en\/wp-json\/wp\/v2\/product_tag?post=7243"}],"curies":[{"name":"wp","href":"https:\/\/api.w.org\/{rel}","templated":true}]}}