{"id":7303,"date":"2017-08-16T11:49:31","date_gmt":"2017-08-16T11:49:31","guid":{"rendered":"https:\/\/uus.kokariided.ee\/?product=naiste-triiksaerk-valge-1755941277"},"modified":"2024-05-15T13:05:20","modified_gmt":"2024-05-15T13:05:20","slug":"naiste-triiksaerk-valge-1755941277","status":"publish","type":"product","link":"https:\/\/uus.kokariided.ee\/en\/product\/naiste-triiksaerk-valge-1755941277\/","title":{"rendered":"Naiste triiks\u00e4rk, valge"},"content":{"rendered":"","protected":false},"excerpt":{"rendered":"<p>Naiste 3\/4 varrukatega valge triiks\u00e4rk, millel on n\u00f6\u00f6pidega kinnitus.<br \/>\nMaterjal: 80% puuvill, 20% pol\u00fcester<\/p>","protected":false},"featured_media":7304,"comment_status":"open","ping_status":"closed","template":"","meta":[],"product_cat":[756,753,106,145],"product_tag":[350],"class_list":{"0":"post-7303","1":"product","2":"type-product","3":"status-publish","4":"has-post-thumbnail","6":"product_brand-greiff","7":"product_cat-naiste-pluusidsaergid","8":"product_cat-saergid-ja-pluusid","9":"product_cat-soodusmueuek","10":"product_cat-teenindusriided","11":"product_tag-350","13":"first","14":"instock","15":"shipping-taxable","16":"purchasable","17":"product-type-variable"},"_links":{"self":[{"href":"https:\/\/uus.kokariided.ee\/en\/wp-json\/wp\/v2\/product\/7303","targetHints":{"allow":["GET"]}}],"collection":[{"href":"https:\/\/uus.kokariided.ee\/en\/wp-json\/wp\/v2\/product"}],"about":[{"href":"https:\/\/uus.kokariided.ee\/en\/wp-json\/wp\/v2\/types\/product"}],"replies":[{"embeddable":true,"href":"https:\/\/uus.kokariided.ee\/en\/wp-json\/wp\/v2\/comments?post=7303"}],"wp:featuredmedia":[{"embeddable":true,"href":"https:\/\/uus.kokariided.ee\/en\/wp-json\/wp\/v2\/media\/7304"}],"wp:attachment":[{"href":"https:\/\/uus.kokariided.ee\/en\/wp-json\/wp\/v2\/media?parent=7303"}],"wp:term":[{"taxonomy":"product_cat","embeddable":true,"href":"https:\/\/uus.kokariided.ee\/en\/wp-json\/wp\/v2\/product_cat?post=7303"},{"taxonomy":"product_tag","embeddable":true,"href":"https:\/\/uus.kokariided.ee\/en\/wp-json\/wp\/v2\/product_tag?post=7303"}],"curies":[{"name":"wp","href":"https:\/\/api.w.org\/{rel}","templated":true}]}}