{"id":7313,"date":"2017-08-16T12:21:10","date_gmt":"2017-08-16T12:21:10","guid":{"rendered":"https:\/\/uus.kokariided.ee\/?product=naiste-pluus-1755941286"},"modified":"2025-01-20T11:19:09","modified_gmt":"2025-01-20T11:19:09","slug":"naiste-pluus-1755941286","status":"publish","type":"product","link":"https:\/\/uus.kokariided.ee\/en\/product\/naiste-pluus-1755941286\/","title":{"rendered":"Naiste pluus, 3\/4 varrukatega, valge"},"content":{"rendered":"","protected":false},"excerpt":{"rendered":"<p>Naiste 3\/4 varrukatega pluus, \u00fche rinnataskuga. Mansetid l\u00f5hikuga ning ka k\u00fclgedel on l\u00f5hikud.<br \/>\nMaterjal: 80% puuvill, 20% pol\u00fcester<\/p>","protected":false},"featured_media":7314,"comment_status":"open","ping_status":"closed","template":"","meta":[],"product_cat":[756,753,106,145],"product_tag":[350],"class_list":{"0":"post-7313","1":"product","2":"type-product","3":"status-publish","4":"has-post-thumbnail","6":"product_brand-greiff","7":"product_cat-naiste-pluusidsaergid","8":"product_cat-saergid-ja-pluusid","9":"product_cat-soodusmueuek","10":"product_cat-teenindusriided","11":"product_tag-350","13":"first","14":"instock","15":"shipping-taxable","16":"purchasable","17":"product-type-variable"},"_links":{"self":[{"href":"https:\/\/uus.kokariided.ee\/en\/wp-json\/wp\/v2\/product\/7313","targetHints":{"allow":["GET"]}}],"collection":[{"href":"https:\/\/uus.kokariided.ee\/en\/wp-json\/wp\/v2\/product"}],"about":[{"href":"https:\/\/uus.kokariided.ee\/en\/wp-json\/wp\/v2\/types\/product"}],"replies":[{"embeddable":true,"href":"https:\/\/uus.kokariided.ee\/en\/wp-json\/wp\/v2\/comments?post=7313"}],"wp:featuredmedia":[{"embeddable":true,"href":"https:\/\/uus.kokariided.ee\/en\/wp-json\/wp\/v2\/media\/7314"}],"wp:attachment":[{"href":"https:\/\/uus.kokariided.ee\/en\/wp-json\/wp\/v2\/media?parent=7313"}],"wp:term":[{"taxonomy":"product_cat","embeddable":true,"href":"https:\/\/uus.kokariided.ee\/en\/wp-json\/wp\/v2\/product_cat?post=7313"},{"taxonomy":"product_tag","embeddable":true,"href":"https:\/\/uus.kokariided.ee\/en\/wp-json\/wp\/v2\/product_tag?post=7313"}],"curies":[{"name":"wp","href":"https:\/\/api.w.org\/{rel}","templated":true}]}}