{"id":7350,"date":"2017-08-16T13:49:32","date_gmt":"2017-08-16T13:49:32","guid":{"rendered":"https:\/\/uus.kokariided.ee\/?product=naiste-pluus-1755941309"},"modified":"2025-04-30T15:29:49","modified_gmt":"2025-04-30T15:29:49","slug":"naiste-pluus-1755941309","status":"publish","type":"product","link":"https:\/\/uus.kokariided.ee\/en\/product\/naiste-pluus-1755941309\/","title":{"rendered":"Naiste SF pluus, valge"},"content":{"rendered":"","protected":false},"excerpt":{"rendered":"<p>Naiste pikkade varrukatega SlimFit pluus, millel on Kenti krae. Krae, manseti ning n\u00f6\u00f6birea sisemine k\u00fclg\u00a0mustriga. Lai mansett on kahe n\u00f6\u00f6bi ning Greiff toon-toonis tikandiga.\u00a0Pesu kuni 60 kraadi.<br \/>\nMaterjal: 70% puuvill, 30% pol\u00fcester,\u00a0100 g\/m2<br \/>\nVAATA VIDEOT!\u00a0&#8211; kuidas hooldada<\/p>","protected":false},"featured_media":7351,"comment_status":"open","ping_status":"closed","template":"","meta":[],"product_cat":[756,753,145],"product_tag":[],"class_list":{"0":"post-7350","1":"product","2":"type-product","3":"status-publish","4":"has-post-thumbnail","6":"product_brand-greiff","7":"product_cat-naiste-pluusidsaergid","8":"product_cat-saergid-ja-pluusid","9":"product_cat-teenindusriided","11":"first","12":"instock","13":"sale","14":"shipping-taxable","15":"purchasable","16":"product-type-variable"},"_links":{"self":[{"href":"https:\/\/uus.kokariided.ee\/en\/wp-json\/wp\/v2\/product\/7350","targetHints":{"allow":["GET"]}}],"collection":[{"href":"https:\/\/uus.kokariided.ee\/en\/wp-json\/wp\/v2\/product"}],"about":[{"href":"https:\/\/uus.kokariided.ee\/en\/wp-json\/wp\/v2\/types\/product"}],"replies":[{"embeddable":true,"href":"https:\/\/uus.kokariided.ee\/en\/wp-json\/wp\/v2\/comments?post=7350"}],"wp:featuredmedia":[{"embeddable":true,"href":"https:\/\/uus.kokariided.ee\/en\/wp-json\/wp\/v2\/media\/7351"}],"wp:attachment":[{"href":"https:\/\/uus.kokariided.ee\/en\/wp-json\/wp\/v2\/media?parent=7350"}],"wp:term":[{"taxonomy":"product_cat","embeddable":true,"href":"https:\/\/uus.kokariided.ee\/en\/wp-json\/wp\/v2\/product_cat?post=7350"},{"taxonomy":"product_tag","embeddable":true,"href":"https:\/\/uus.kokariided.ee\/en\/wp-json\/wp\/v2\/product_tag?post=7350"}],"curies":[{"name":"wp","href":"https:\/\/api.w.org\/{rel}","templated":true}]}}