{"id":7363,"date":"2017-08-16T15:26:09","date_gmt":"2017-08-16T15:26:09","guid":{"rendered":"https:\/\/uus.kokariided.ee\/?product=naiste-saerkpluus-must"},"modified":"2025-03-21T11:54:39","modified_gmt":"2025-03-21T11:54:39","slug":"naiste-saerkpluus-must","status":"publish","type":"product","link":"https:\/\/uus.kokariided.ee\/en\/product\/naiste-saerkpluus-must\/","title":{"rendered":"Naiste s\u00e4rkpluus, must"},"content":{"rendered":"","protected":false},"excerpt":{"rendered":"<p>Naiste s\u00e4rkpluus pikkade varrukatega. Regular fit. V-kaelusega, kaelus ja mansett nagu triiks\u00e4rgil, varrukal kaks n\u00f6\u00f6pi.<br \/>\n93% puuvill, 7% elastaan<\/p>","protected":false},"featured_media":7364,"comment_status":"open","ping_status":"closed","template":"","meta":[],"product_cat":[756,753,145],"product_tag":[331,353],"class_list":{"0":"post-7363","1":"product","2":"type-product","3":"status-publish","4":"has-post-thumbnail","6":"product_brand-greiff","7":"product_cat-naiste-pluusidsaergid","8":"product_cat-saergid-ja-pluusid","9":"product_cat-teenindusriided","10":"product_tag-pluus","11":"product_tag-sarkpluus","13":"first","14":"instock","15":"shipping-taxable","16":"purchasable","17":"product-type-variable"},"_links":{"self":[{"href":"https:\/\/uus.kokariided.ee\/en\/wp-json\/wp\/v2\/product\/7363","targetHints":{"allow":["GET"]}}],"collection":[{"href":"https:\/\/uus.kokariided.ee\/en\/wp-json\/wp\/v2\/product"}],"about":[{"href":"https:\/\/uus.kokariided.ee\/en\/wp-json\/wp\/v2\/types\/product"}],"replies":[{"embeddable":true,"href":"https:\/\/uus.kokariided.ee\/en\/wp-json\/wp\/v2\/comments?post=7363"}],"wp:featuredmedia":[{"embeddable":true,"href":"https:\/\/uus.kokariided.ee\/en\/wp-json\/wp\/v2\/media\/7364"}],"wp:attachment":[{"href":"https:\/\/uus.kokariided.ee\/en\/wp-json\/wp\/v2\/media?parent=7363"}],"wp:term":[{"taxonomy":"product_cat","embeddable":true,"href":"https:\/\/uus.kokariided.ee\/en\/wp-json\/wp\/v2\/product_cat?post=7363"},{"taxonomy":"product_tag","embeddable":true,"href":"https:\/\/uus.kokariided.ee\/en\/wp-json\/wp\/v2\/product_tag?post=7363"}],"curies":[{"name":"wp","href":"https:\/\/api.w.org\/{rel}","templated":true}]}}