{"id":7455,"date":"2017-08-21T14:05:47","date_gmt":"2017-08-21T14:05:47","guid":{"rendered":"https:\/\/uus.kokariided.ee\/?product=naiste-pliiatsseelik"},"modified":"2020-02-21T11:25:39","modified_gmt":"2020-02-21T11:25:39","slug":"naiste-pliiatsseelik","status":"publish","type":"product","link":"https:\/\/uus.kokariided.ee\/en\/product\/naiste-pliiatsseelik\/","title":{"rendered":"Naiste pliiatsseelik"},"content":{"rendered":"<pre class=\"tw-data-text tw-ta tw-text-small\" dir=\"ltr\"><span lang=\"et\" xml:lang=\"et\">SLIM FIT, lai v\u00f6\u00f6, seeliku pikkus 52 cm, masinpestav<br \/><\/span><\/pre>\n<p>V\u00e4liskangas:<\/p>\n<table cellpadding=\"0\" cellspacing=\"0\">\n<tbody>\n<tr>\n<td>\n<table cellpadding=\"0\" cellspacing=\"0\">\n<tbody>\n<tr>\n<td class=\"linesheet_normal_value\">Polyester<\/td>\n<\/tr>\n<tr>\n<td class=\"linesheet_normal_value\">virgin wool<\/td>\n<\/tr>\n<tr>\n<td class=\"linesheet_normal_value\">elastane<\/td>\n<\/tr>\n<\/tbody>\n<\/table>\n<\/td>\n<td>\u00a0\u00a0\u00a0<\/td>\n<td>\n<table cellpadding=\"0\" cellspacing=\"0\">\n<tbody>\n<tr>\n<td class=\"linesheet_normal_value\">54%<\/td>\n<\/tr>\n<tr>\n<td class=\"linesheet_normal_value\">44%<\/td>\n<\/tr>\n<tr>\n<td class=\"linesheet_normal_value\">2%<\/td>\n<\/tr>\n<\/tbody>\n<\/table>\n<\/td>\n<\/tr>\n<\/tbody>\n<\/table>\n<p>Vooder:\u00a0<\/p>\n<table cellpadding=\"0\" cellspacing=\"0\">\n<tbody>\n<tr>\n<td>\n<table cellpadding=\"0\" cellspacing=\"0\">\n<tbody>\n<tr>\n<td class=\"linesheet_normal_value\">Polyester<\/td>\n<\/tr>\n<\/tbody>\n<\/table>\n<\/td>\n<td>\u00a0\u00a0\u00a0<\/td>\n<td>\n<table cellpadding=\"0\" cellspacing=\"0\">\n<tbody>\n<tr>\n<td class=\"linesheet_normal_value\">100%<\/p>\n<\/td>\n<\/tr>\n<\/tbody>\n<\/table>\n<\/td>\n<\/tr>\n<\/tbody>\n<\/table>\n<pre class=\"tw-data-text tw-ta tw-text-small\" id=\"tw-target-text\" dir=\"ltr\"><span lang=\"et\" xml:lang=\"et\"> <\/span><\/pre>","protected":false},"excerpt":{"rendered":"<p>Greiffi\u00a0kuulus kaasaegne kollektsioon on\u00a0muljetavaldava l\u00f5ikega\u00a0ja kangaga. Coolmax-kangas s\u00e4ilitab \u00fchtlase temperatuuri, reguleerib niiskust, on hingav ja t\u00e4ielikult masinpestav.<br \/>\nVAATA VIDEOT!\u00a0&#8211; kuidas hooldada<\/p>","protected":false},"featured_media":7456,"comment_status":"open","ping_status":"closed","template":"","meta":[],"product_cat":[758,145],"product_tag":[],"class_list":{"0":"post-7455","1":"product","2":"type-product","3":"status-publish","4":"has-post-thumbnail","6":"product_brand-greiff","7":"product_cat-seelikud","8":"product_cat-teenindusriided","10":"first","11":"instock","12":"shipping-taxable","13":"purchasable","14":"product-type-variable"},"_links":{"self":[{"href":"https:\/\/uus.kokariided.ee\/en\/wp-json\/wp\/v2\/product\/7455","targetHints":{"allow":["GET"]}}],"collection":[{"href":"https:\/\/uus.kokariided.ee\/en\/wp-json\/wp\/v2\/product"}],"about":[{"href":"https:\/\/uus.kokariided.ee\/en\/wp-json\/wp\/v2\/types\/product"}],"replies":[{"embeddable":true,"href":"https:\/\/uus.kokariided.ee\/en\/wp-json\/wp\/v2\/comments?post=7455"}],"wp:featuredmedia":[{"embeddable":true,"href":"https:\/\/uus.kokariided.ee\/en\/wp-json\/wp\/v2\/media\/7456"}],"wp:attachment":[{"href":"https:\/\/uus.kokariided.ee\/en\/wp-json\/wp\/v2\/media?parent=7455"}],"wp:term":[{"taxonomy":"product_cat","embeddable":true,"href":"https:\/\/uus.kokariided.ee\/en\/wp-json\/wp\/v2\/product_cat?post=7455"},{"taxonomy":"product_tag","embeddable":true,"href":"https:\/\/uus.kokariided.ee\/en\/wp-json\/wp\/v2\/product_tag?post=7455"}],"curies":[{"name":"wp","href":"https:\/\/api.w.org\/{rel}","templated":true}]}}