{"id":7553,"date":"2017-08-21T16:24:31","date_gmt":"2017-08-21T16:24:31","guid":{"rendered":"https:\/\/uus.kokariided.ee\/?product=lauaseeliku-klamber-nr-10"},"modified":"2023-01-20T17:01:59","modified_gmt":"2023-01-20T17:01:59","slug":"lauaseeliku-klamber-nr-10","status":"publish","type":"product","link":"https:\/\/uus.kokariided.ee\/en\/product\/lauaseeliku-klamber-nr-10\/","title":{"rendered":"Lauaseeliku klamber nr 10"},"content":{"rendered":"<p>Paigaldage oma lauaseelik lihtsalt meie lauaklambrite abil. Lauaklambrid on saadaval erinevates suurustes. Optimaalseks kasutamiseks on oluline valida lauaklamber, mis sobib teie lauaplaadi paksusega. Peaaegu k\u00f5ik meie lauaklambrid on varustatud k\u00f5va takjapaelaga, nii et teie lauaseeliku pehme Velcro teip sobib sellega ideaalselt.<\/p>\n<p>Meie n\u00f5uanne on paigaldada lauaklambrid iga 20-25 cm j\u00e4rel, t\u00e4nu sellele on teie lauaseelik teie lauaga tugevalt \u00fchendatud ega tule kergelt lauaplaadi k\u00fcljest lahti. Lauaklambrid on valmistatud k\u00f5vast plastikust.<\/p>","protected":false},"excerpt":{"rendered":"<p>Lauaplaadile paksus: kuni 15-30mmPaigaldage oma lauaseelik lihtsalt meie lauaseelikuklambrite abil. Lauaseelikuklambrid on saadaval erinevates suurustes. Optimaalne on valida lauaklamber, mis sobib teie lauaplaadi paksusega. K\u00f5ik meie lauaseelikuklambrid on varustatud k\u00f5va takjapaelaga, nii et teie lauaseeliku pehme Velcro teip sobib sellega ideaalselt.<br \/>\nIdeelne paigaldamise samm 25cm.<\/p>","protected":false},"featured_media":7554,"comment_status":"open","ping_status":"closed","template":"","meta":[],"product_cat":[748,155],"product_tag":[],"class_list":{"0":"post-7553","1":"product","2":"type-product","3":"status-publish","4":"has-post-thumbnail","6":"product_cat-lauaseeliku-klambrid","7":"product_cat-sisustustooted","9":"first","10":"instock","11":"shipping-taxable","12":"purchasable","13":"product-type-simple"},"_links":{"self":[{"href":"https:\/\/uus.kokariided.ee\/en\/wp-json\/wp\/v2\/product\/7553","targetHints":{"allow":["GET"]}}],"collection":[{"href":"https:\/\/uus.kokariided.ee\/en\/wp-json\/wp\/v2\/product"}],"about":[{"href":"https:\/\/uus.kokariided.ee\/en\/wp-json\/wp\/v2\/types\/product"}],"replies":[{"embeddable":true,"href":"https:\/\/uus.kokariided.ee\/en\/wp-json\/wp\/v2\/comments?post=7553"}],"wp:featuredmedia":[{"embeddable":true,"href":"https:\/\/uus.kokariided.ee\/en\/wp-json\/wp\/v2\/media\/7554"}],"wp:attachment":[{"href":"https:\/\/uus.kokariided.ee\/en\/wp-json\/wp\/v2\/media?parent=7553"}],"wp:term":[{"taxonomy":"product_cat","embeddable":true,"href":"https:\/\/uus.kokariided.ee\/en\/wp-json\/wp\/v2\/product_cat?post=7553"},{"taxonomy":"product_tag","embeddable":true,"href":"https:\/\/uus.kokariided.ee\/en\/wp-json\/wp\/v2\/product_tag?post=7553"}],"curies":[{"name":"wp","href":"https:\/\/api.w.org\/{rel}","templated":true}]}}