{"id":7637,"date":"2017-09-01T14:54:41","date_gmt":"2017-09-01T14:54:41","guid":{"rendered":"https:\/\/uus.kokariided.ee\/?product=meeste-cargo-pueksid-mustad"},"modified":"2024-08-05T15:10:11","modified_gmt":"2024-08-05T15:10:11","slug":"meeste-cargo-pueksid-mustad","status":"publish","type":"product","link":"https:\/\/uus.kokariided.ee\/en\/product\/meeste-cargo-pueksid-mustad\/","title":{"rendered":"Meeste Cargo p\u00fcksid, mustad"},"content":{"rendered":"","protected":false},"excerpt":{"rendered":"<p>Meeste\u00a0sirgel\u00f5ikelised 6-taskuga p\u00fcksid.\u00a0Kaks taskut on ees,\u00a0kaks taga ja taskud m\u00f5lemal reiel.\u00a0P\u00fckste v\u00f6\u00f6 seljatagune osa on kummiga, v\u00f6\u00f6l on rihma aasad. Veniv materjal, mis\u00a0garanteerib mugava liikuvuse.\u00a0Materjal on hingav ning tagab\u00a0optimaalse niiskusjuhtimise. Cool stretch. Pesu kuni 60 kraadi. S\u00e4\u00e4re sisepikkus suurusel 50 on 82cm.<br \/>\nMaterjal: 40% puuvill, 30% pol\u00fcster, 30% elastaan,\u00a0205 g\/m\u00b2<\/p>","protected":false},"featured_media":7638,"comment_status":"open","ping_status":"closed","template":"","meta":[],"product_cat":[104,787,113,794,106,145],"product_tag":[],"class_list":{"0":"post-7637","1":"product","2":"type-product","3":"status-publish","4":"has-post-thumbnail","6":"product_brand-greiff","7":"product_cat-kokariided","8":"product_cat-meeste-kokapueksid","9":"product_cat-pueksid","10":"product_cat-pueksid1756115223","11":"product_cat-soodusmueuek","12":"product_cat-teenindusriided","14":"first","15":"instock","16":"sale","17":"shipping-taxable","18":"purchasable","19":"product-type-variable"},"_links":{"self":[{"href":"https:\/\/uus.kokariided.ee\/en\/wp-json\/wp\/v2\/product\/7637","targetHints":{"allow":["GET"]}}],"collection":[{"href":"https:\/\/uus.kokariided.ee\/en\/wp-json\/wp\/v2\/product"}],"about":[{"href":"https:\/\/uus.kokariided.ee\/en\/wp-json\/wp\/v2\/types\/product"}],"replies":[{"embeddable":true,"href":"https:\/\/uus.kokariided.ee\/en\/wp-json\/wp\/v2\/comments?post=7637"}],"wp:featuredmedia":[{"embeddable":true,"href":"https:\/\/uus.kokariided.ee\/en\/wp-json\/wp\/v2\/media\/7638"}],"wp:attachment":[{"href":"https:\/\/uus.kokariided.ee\/en\/wp-json\/wp\/v2\/media?parent=7637"}],"wp:term":[{"taxonomy":"product_cat","embeddable":true,"href":"https:\/\/uus.kokariided.ee\/en\/wp-json\/wp\/v2\/product_cat?post=7637"},{"taxonomy":"product_tag","embeddable":true,"href":"https:\/\/uus.kokariided.ee\/en\/wp-json\/wp\/v2\/product_tag?post=7637"}],"curies":[{"name":"wp","href":"https:\/\/api.w.org\/{rel}","templated":true}]}}