{"id":7649,"date":"2017-09-01T15:18:01","date_gmt":"2017-09-01T15:18:01","guid":{"rendered":"https:\/\/uus.kokariided.ee\/?product=naiste-strets-kokapueksid-mustad"},"modified":"2024-12-17T12:59:39","modified_gmt":"2024-12-17T12:59:39","slug":"naiste-strets-kokapueksid-mustad","status":"publish","type":"product","link":"https:\/\/uus.kokariided.ee\/en\/product\/naiste-strets-kokapueksid-mustad\/","title":{"rendered":"Naiste stret\u0161 kokap\u00fcksid, mustad"},"content":{"rendered":"","protected":false},"excerpt":{"rendered":"<p>Naiste sirgel\u00f5ikelised ning 4-taskuga p\u00fcksid.\u00a0Kaks taskut on ees, \u00fcks taga ja \u00fcks paremal reiel. P\u00fckste tagaosa on kummiga. Veniv materjal, mis\u00a0garanteerib mugava liikuvuse.\u00a0Materjal on hingav ning tagab\u00a0optimaalse niiskusjuhtimise. Cool stretch. Pesu kuni 60 kraadi.<br \/>\nMaterjal: 40% puuvill, 30%pol\u00fcster, 30% elastaan<\/p>","protected":false},"featured_media":7650,"comment_status":"open","ping_status":"closed","template":"","meta":[],"product_cat":[104,788,794,113,106,145],"product_tag":[],"class_list":{"0":"post-7649","1":"product","2":"type-product","3":"status-publish","4":"has-post-thumbnail","6":"product_brand-greiff","7":"product_cat-kokariided","8":"product_cat-naiste-kokapueksid","9":"product_cat-pueksid1756115223","10":"product_cat-pueksid","11":"product_cat-soodusmueuek","12":"product_cat-teenindusriided","14":"first","15":"instock","16":"sale","17":"shipping-taxable","18":"purchasable","19":"product-type-variable"},"_links":{"self":[{"href":"https:\/\/uus.kokariided.ee\/en\/wp-json\/wp\/v2\/product\/7649","targetHints":{"allow":["GET"]}}],"collection":[{"href":"https:\/\/uus.kokariided.ee\/en\/wp-json\/wp\/v2\/product"}],"about":[{"href":"https:\/\/uus.kokariided.ee\/en\/wp-json\/wp\/v2\/types\/product"}],"replies":[{"embeddable":true,"href":"https:\/\/uus.kokariided.ee\/en\/wp-json\/wp\/v2\/comments?post=7649"}],"wp:featuredmedia":[{"embeddable":true,"href":"https:\/\/uus.kokariided.ee\/en\/wp-json\/wp\/v2\/media\/7650"}],"wp:attachment":[{"href":"https:\/\/uus.kokariided.ee\/en\/wp-json\/wp\/v2\/media?parent=7649"}],"wp:term":[{"taxonomy":"product_cat","embeddable":true,"href":"https:\/\/uus.kokariided.ee\/en\/wp-json\/wp\/v2\/product_cat?post=7649"},{"taxonomy":"product_tag","embeddable":true,"href":"https:\/\/uus.kokariided.ee\/en\/wp-json\/wp\/v2\/product_tag?post=7649"}],"curies":[{"name":"wp","href":"https:\/\/api.w.org\/{rel}","templated":true}]}}