{"id":7659,"date":"2017-09-01T15:50:50","date_gmt":"2017-09-01T15:50:50","guid":{"rendered":"https:\/\/uus.kokariided.ee\/?product=meeste-teksapueksid-tumesinised"},"modified":"2024-05-16T15:54:05","modified_gmt":"2024-05-16T15:54:05","slug":"meeste-teksapueksid-tumesinised","status":"publish","type":"product","link":"https:\/\/uus.kokariided.ee\/en\/product\/meeste-teksapueksid-tumesinised\/","title":{"rendered":"Meeste teksap\u00fcksid, tumesinised"},"content":{"rendered":"","protected":false},"excerpt":{"rendered":"<p>Meeste sirge l\u00f5ikega teksap\u00fckisd, millel on 5 taskut. Ees kinnitus luku ning n\u00f6\u00f6biga. V\u00f6\u00f6l rihma aasad ja v\u00f6\u00f6 tagumisel osal kummipael, mis muudab kandmise mugavamaks. Pesu kuni 60 kraadi.<br \/>\nMaterjal: 98% puuvill, 2% elastaan<\/p>","protected":false},"featured_media":7660,"comment_status":"open","ping_status":"closed","template":"","meta":[],"product_cat":[104,787,113,106],"product_tag":[],"class_list":{"0":"post-7659","1":"product","2":"type-product","3":"status-publish","4":"has-post-thumbnail","6":"product_brand-greiff","7":"product_cat-kokariided","8":"product_cat-meeste-kokapueksid","9":"product_cat-pueksid","10":"product_cat-soodusmueuek","12":"first","13":"instock","14":"sale","15":"shipping-taxable","16":"purchasable","17":"product-type-variable"},"_links":{"self":[{"href":"https:\/\/uus.kokariided.ee\/en\/wp-json\/wp\/v2\/product\/7659","targetHints":{"allow":["GET"]}}],"collection":[{"href":"https:\/\/uus.kokariided.ee\/en\/wp-json\/wp\/v2\/product"}],"about":[{"href":"https:\/\/uus.kokariided.ee\/en\/wp-json\/wp\/v2\/types\/product"}],"replies":[{"embeddable":true,"href":"https:\/\/uus.kokariided.ee\/en\/wp-json\/wp\/v2\/comments?post=7659"}],"wp:featuredmedia":[{"embeddable":true,"href":"https:\/\/uus.kokariided.ee\/en\/wp-json\/wp\/v2\/media\/7660"}],"wp:attachment":[{"href":"https:\/\/uus.kokariided.ee\/en\/wp-json\/wp\/v2\/media?parent=7659"}],"wp:term":[{"taxonomy":"product_cat","embeddable":true,"href":"https:\/\/uus.kokariided.ee\/en\/wp-json\/wp\/v2\/product_cat?post=7659"},{"taxonomy":"product_tag","embeddable":true,"href":"https:\/\/uus.kokariided.ee\/en\/wp-json\/wp\/v2\/product_tag?post=7659"}],"curies":[{"name":"wp","href":"https:\/\/api.w.org\/{rel}","templated":true}]}}