{"id":7670,"date":"2017-09-05T14:48:31","date_gmt":"2017-09-05T14:48:31","guid":{"rendered":"https:\/\/uus.kokariided.ee\/?product=teenindaja-voeoepoll-100x80cm-must-ja-taskuga"},"modified":"2025-03-24T16:41:38","modified_gmt":"2025-03-24T16:41:38","slug":"teenindaja-voeoepoll-100x80cm-must-ja-taskuga","status":"publish","type":"product","link":"https:\/\/uus.kokariided.ee\/en\/product\/teenindaja-voeoepoll-100x80cm-must-ja-taskuga\/","title":{"rendered":"Teenindaja v\u00f6\u00f6p\u00f5ll 100x80cm, must ja taskuga"},"content":{"rendered":"","protected":false},"excerpt":{"rendered":"<p>V\u00f6\u00f6p\u00f5ll m\u00f5\u00f5tmetega 100x80cm, mis on sobilik teenindajale. P\u00f5lle paremal pool asub tasku, kuhu on v\u00f5imalik paigutada t\u00f6\u00f6ks vajalikud esemed. P\u00f5ll on hea kvaliteediga\u00a0ning\u00a0vastupidav.<br \/>\nMaterjal: 65% pol\u00fcester ja 35% puuvill<br \/>\n\u00a0\u00a0\u00a0\u00a0<\/p>","protected":false},"featured_media":7671,"comment_status":"open","ping_status":"closed","template":"","meta":[],"product_cat":[104,146,112,145,746,785],"product_tag":[],"class_list":{"0":"post-7670","1":"product","2":"type-product","3":"status-publish","4":"has-post-thumbnail","6":"product_brand-greiff","7":"product_cat-kokariided","8":"product_cat-polled1755886053","9":"product_cat-polled","10":"product_cat-teenindusriided","11":"product_cat-voeoepoll-100x80cm","12":"product_cat-voeoepoll-100x80cm1756115206","14":"first","15":"instock","16":"shipping-taxable","17":"purchasable","18":"product-type-variable"},"_links":{"self":[{"href":"https:\/\/uus.kokariided.ee\/en\/wp-json\/wp\/v2\/product\/7670","targetHints":{"allow":["GET"]}}],"collection":[{"href":"https:\/\/uus.kokariided.ee\/en\/wp-json\/wp\/v2\/product"}],"about":[{"href":"https:\/\/uus.kokariided.ee\/en\/wp-json\/wp\/v2\/types\/product"}],"replies":[{"embeddable":true,"href":"https:\/\/uus.kokariided.ee\/en\/wp-json\/wp\/v2\/comments?post=7670"}],"wp:featuredmedia":[{"embeddable":true,"href":"https:\/\/uus.kokariided.ee\/en\/wp-json\/wp\/v2\/media\/7671"}],"wp:attachment":[{"href":"https:\/\/uus.kokariided.ee\/en\/wp-json\/wp\/v2\/media?parent=7670"}],"wp:term":[{"taxonomy":"product_cat","embeddable":true,"href":"https:\/\/uus.kokariided.ee\/en\/wp-json\/wp\/v2\/product_cat?post=7670"},{"taxonomy":"product_tag","embeddable":true,"href":"https:\/\/uus.kokariided.ee\/en\/wp-json\/wp\/v2\/product_tag?post=7670"}],"curies":[{"name":"wp","href":"https:\/\/api.w.org\/{rel}","templated":true}]}}