{"id":7679,"date":"2017-09-06T10:46:22","date_gmt":"2017-09-06T10:46:22","guid":{"rendered":"https:\/\/uus.kokariided.ee\/?product=voeoepoll-41412-black-denim"},"modified":"2024-09-23T18:44:57","modified_gmt":"2024-09-23T18:44:57","slug":"voeoepoll-41412-black-denim","status":"publish","type":"product","link":"https:\/\/uus.kokariided.ee\/en\/product\/voeoepoll-41412-black-denim\/","title":{"rendered":"V\u00f6\u00f6p\u00f5ll 77x40cm, Black Denim"},"content":{"rendered":"","protected":false},"excerpt":{"rendered":"<p>Suurep\u00e4rase kvaliteediga teenindusp\u00f5ll.<br \/>\nTaskuid 4, materjal stretch teksa<br \/>\n98% puuvill, 2% elastaan<\/p>","protected":false},"featured_media":7680,"comment_status":"open","ping_status":"closed","template":"","meta":[],"product_cat":[104,112,146,773,145],"product_tag":[],"class_list":{"0":"post-7679","1":"product","2":"type-product","3":"status-publish","4":"has-post-thumbnail","6":"product_brand-greiff","7":"product_cat-kokariided","8":"product_cat-polled","9":"product_cat-polled1755886053","10":"product_cat-teenindaja-poll-77x40cm","11":"product_cat-teenindusriided","13":"first","14":"instock","15":"shipping-taxable","16":"purchasable","17":"product-type-variable"},"_links":{"self":[{"href":"https:\/\/uus.kokariided.ee\/en\/wp-json\/wp\/v2\/product\/7679","targetHints":{"allow":["GET"]}}],"collection":[{"href":"https:\/\/uus.kokariided.ee\/en\/wp-json\/wp\/v2\/product"}],"about":[{"href":"https:\/\/uus.kokariided.ee\/en\/wp-json\/wp\/v2\/types\/product"}],"replies":[{"embeddable":true,"href":"https:\/\/uus.kokariided.ee\/en\/wp-json\/wp\/v2\/comments?post=7679"}],"wp:featuredmedia":[{"embeddable":true,"href":"https:\/\/uus.kokariided.ee\/en\/wp-json\/wp\/v2\/media\/7680"}],"wp:attachment":[{"href":"https:\/\/uus.kokariided.ee\/en\/wp-json\/wp\/v2\/media?parent=7679"}],"wp:term":[{"taxonomy":"product_cat","embeddable":true,"href":"https:\/\/uus.kokariided.ee\/en\/wp-json\/wp\/v2\/product_cat?post=7679"},{"taxonomy":"product_tag","embeddable":true,"href":"https:\/\/uus.kokariided.ee\/en\/wp-json\/wp\/v2\/product_tag?post=7679"}],"curies":[{"name":"wp","href":"https:\/\/api.w.org\/{rel}","templated":true}]}}