{"id":7694,"date":"2017-09-06T15:58:05","date_gmt":"2017-09-06T15:58:05","guid":{"rendered":"https:\/\/uus.kokariided.ee\/?product=teenindaja-poll-black-denim"},"modified":"2023-07-04T17:36:37","modified_gmt":"2023-07-04T17:36:37","slug":"teenindaja-poll-black-denim","status":"publish","type":"product","link":"https:\/\/uus.kokariided.ee\/en\/product\/teenindaja-poll-black-denim\/","title":{"rendered":"Teenindaja p\u00f5ll 70x65cm, Black Denim"},"content":{"rendered":"","protected":false},"excerpt":{"rendered":"<p>V-kaelusega ja kergest segakangast p\u00f5ll sobilik teenindajale, m\u00f5\u00f5tudega\u00a070x65cm. Vasakul rinnal kirjutusvahendi tasku ning p\u00f5lle allosas kaks taskut vajalike t\u00f6\u00f6vahendite tarbeks. Kaelapael reguleeritav stiilse pandlaga. Materjal kvaliteetne ning vastupidav.Materjal:\u00a065% pol\u00fcester, 35% puuvill<\/p>","protected":false},"featured_media":7695,"comment_status":"open","ping_status":"closed","template":"","meta":[],"product_cat":[104,112,782,772,766],"product_tag":[],"class_list":{"0":"post-7694","1":"product","2":"type-product","3":"status-publish","4":"has-post-thumbnail","6":"product_brand-greiff","7":"product_cat-kokariided","8":"product_cat-polled","9":"product_cat-polled1756115199","10":"product_cat-teenindaja-poll-70x65cm","11":"product_cat-teenindusriided1756114957","13":"first","14":"instock","15":"shipping-taxable","16":"purchasable","17":"product-type-variable"},"_links":{"self":[{"href":"https:\/\/uus.kokariided.ee\/en\/wp-json\/wp\/v2\/product\/7694","targetHints":{"allow":["GET"]}}],"collection":[{"href":"https:\/\/uus.kokariided.ee\/en\/wp-json\/wp\/v2\/product"}],"about":[{"href":"https:\/\/uus.kokariided.ee\/en\/wp-json\/wp\/v2\/types\/product"}],"replies":[{"embeddable":true,"href":"https:\/\/uus.kokariided.ee\/en\/wp-json\/wp\/v2\/comments?post=7694"}],"wp:featuredmedia":[{"embeddable":true,"href":"https:\/\/uus.kokariided.ee\/en\/wp-json\/wp\/v2\/media\/7695"}],"wp:attachment":[{"href":"https:\/\/uus.kokariided.ee\/en\/wp-json\/wp\/v2\/media?parent=7694"}],"wp:term":[{"taxonomy":"product_cat","embeddable":true,"href":"https:\/\/uus.kokariided.ee\/en\/wp-json\/wp\/v2\/product_cat?post=7694"},{"taxonomy":"product_tag","embeddable":true,"href":"https:\/\/uus.kokariided.ee\/en\/wp-json\/wp\/v2\/product_tag?post=7694"}],"curies":[{"name":"wp","href":"https:\/\/api.w.org\/{rel}","templated":true}]}}