{"id":7698,"date":"2017-09-06T16:49:30","date_gmt":"2017-09-06T16:49:30","guid":{"rendered":"https:\/\/uus.kokariided.ee\/?product=pikk-teenindaja-poll-black"},"modified":"2025-07-09T11:46:06","modified_gmt":"2025-07-09T11:46:06","slug":"pikk-teenindaja-poll-black","status":"publish","type":"product","link":"https:\/\/uus.kokariided.ee\/en\/product\/pikk-teenindaja-poll-black\/","title":{"rendered":"Pikk teenindaja p\u00f5ll Black"},"content":{"rendered":"","protected":false},"excerpt":{"rendered":"<p>Pikem p\u00f5ll, sobilik teenindajale, \u00fche taskuga<br \/>\n77x100cm<\/p>","protected":false},"featured_media":7699,"comment_status":"open","ping_status":"closed","template":"","meta":[],"product_cat":[771,104,112,146,145],"product_tag":[],"class_list":{"0":"post-7698","1":"product","2":"type-product","3":"status-publish","4":"has-post-thumbnail","6":"product_brand-greiff","7":"product_cat-klapiga-poll-77x100cm1756114965","8":"product_cat-kokariided","9":"product_cat-polled","10":"product_cat-polled1755886053","11":"product_cat-teenindusriided","13":"first","14":"instock","15":"shipping-taxable","16":"purchasable","17":"product-type-variable"},"_links":{"self":[{"href":"https:\/\/uus.kokariided.ee\/en\/wp-json\/wp\/v2\/product\/7698","targetHints":{"allow":["GET"]}}],"collection":[{"href":"https:\/\/uus.kokariided.ee\/en\/wp-json\/wp\/v2\/product"}],"about":[{"href":"https:\/\/uus.kokariided.ee\/en\/wp-json\/wp\/v2\/types\/product"}],"replies":[{"embeddable":true,"href":"https:\/\/uus.kokariided.ee\/en\/wp-json\/wp\/v2\/comments?post=7698"}],"wp:featuredmedia":[{"embeddable":true,"href":"https:\/\/uus.kokariided.ee\/en\/wp-json\/wp\/v2\/media\/7699"}],"wp:attachment":[{"href":"https:\/\/uus.kokariided.ee\/en\/wp-json\/wp\/v2\/media?parent=7698"}],"wp:term":[{"taxonomy":"product_cat","embeddable":true,"href":"https:\/\/uus.kokariided.ee\/en\/wp-json\/wp\/v2\/product_cat?post=7698"},{"taxonomy":"product_tag","embeddable":true,"href":"https:\/\/uus.kokariided.ee\/en\/wp-json\/wp\/v2\/product_tag?post=7698"}],"curies":[{"name":"wp","href":"https:\/\/api.w.org\/{rel}","templated":true}]}}