{"id":7707,"date":"2017-09-07T16:03:42","date_gmt":"2017-09-07T16:03:42","guid":{"rendered":"https:\/\/uus.kokariided.ee\/?product=kokapueksid-big-pant-black"},"modified":"2025-04-23T12:10:03","modified_gmt":"2025-04-23T12:10:03","slug":"kokapueksid-big-pant-black","status":"publish","type":"product","link":"https:\/\/uus.kokariided.ee\/en\/product\/kokapueksid-big-pant-black\/","title":{"rendered":"Kokap\u00fcksid BIG PANT BLACK"},"content":{"rendered":"","protected":false},"excerpt":{"rendered":"<p>Materjal:65% pol\u00fcester \/ 35% puuvillMugavad p\u00fcksid n\u00f6\u00f6ri ja kummiga, taskutegaSuurused: 5XL-7XL<\/p>","protected":false},"featured_media":7708,"comment_status":"open","ping_status":"closed","template":"","meta":[],"product_cat":[105,104],"product_tag":[],"class_list":{"0":"post-7707","1":"product","2":"type-product","3":"status-publish","4":"has-post-thumbnail","6":"product_brand-egochef","7":"product_cat-5xl-7xl-kokariided","8":"product_cat-kokariided","10":"first","11":"instock","12":"shipping-taxable","13":"purchasable","14":"product-type-variable"},"_links":{"self":[{"href":"https:\/\/uus.kokariided.ee\/en\/wp-json\/wp\/v2\/product\/7707","targetHints":{"allow":["GET"]}}],"collection":[{"href":"https:\/\/uus.kokariided.ee\/en\/wp-json\/wp\/v2\/product"}],"about":[{"href":"https:\/\/uus.kokariided.ee\/en\/wp-json\/wp\/v2\/types\/product"}],"replies":[{"embeddable":true,"href":"https:\/\/uus.kokariided.ee\/en\/wp-json\/wp\/v2\/comments?post=7707"}],"wp:featuredmedia":[{"embeddable":true,"href":"https:\/\/uus.kokariided.ee\/en\/wp-json\/wp\/v2\/media\/7708"}],"wp:attachment":[{"href":"https:\/\/uus.kokariided.ee\/en\/wp-json\/wp\/v2\/media?parent=7707"}],"wp:term":[{"taxonomy":"product_cat","embeddable":true,"href":"https:\/\/uus.kokariided.ee\/en\/wp-json\/wp\/v2\/product_cat?post=7707"},{"taxonomy":"product_tag","embeddable":true,"href":"https:\/\/uus.kokariided.ee\/en\/wp-json\/wp\/v2\/product_tag?post=7707"}],"curies":[{"name":"wp","href":"https:\/\/api.w.org\/{rel}","templated":true}]}}