{"id":7807,"date":"2017-09-22T13:17:20","date_gmt":"2017-09-22T13:17:20","guid":{"rendered":"https:\/\/uus.kokariided.ee\/?product=naiste-vest-1755941644"},"modified":"2025-04-11T14:33:28","modified_gmt":"2025-04-11T14:33:28","slug":"naiste-vest-1755941644","status":"publish","type":"product","link":"https:\/\/uus.kokariided.ee\/en\/product\/naiste-vest-1755941644\/","title":{"rendered":"Naiste vest"},"content":{"rendered":"<p>MODERN slim fit<\/p>\n<p>Naiste vest, 4-n\u00f6\u00f6biga mudel, 2 taskuga\u00a0ja 1 rinnataskuga,\u00a0voodriga, seljapikkus suurusel 38 on 50 cm. Pestav<\/p>\n<p>V\u00e4liskangas:<\/p>\n<table cellpadding=\"0\" cellspacing=\"0\">\n<tbody>\n<tr>\n<td>\n<table cellpadding=\"0\" cellspacing=\"0\">\n<tbody>\n<tr>\n<td class=\"linesheet_normal_value\">Polyester<\/td>\n<\/tr>\n<tr>\n<td class=\"linesheet_normal_value\">virgin wool<\/td>\n<\/tr>\n<tr>\n<td class=\"linesheet_normal_value\">elastane<\/td>\n<\/tr>\n<\/tbody>\n<\/table>\n<\/td>\n<td>\u00a0\u00a0\u00a0<\/td>\n<td>\n<table cellpadding=\"0\" cellspacing=\"0\">\n<tbody>\n<tr>\n<td class=\"linesheet_normal_value\">54%<\/td>\n<\/tr>\n<tr>\n<td class=\"linesheet_normal_value\">44%<\/td>\n<\/tr>\n<tr>\n<td class=\"linesheet_normal_value\">2%<\/td>\n<\/tr>\n<\/tbody>\n<\/table>\n<\/td>\n<\/tr>\n<\/tbody>\n<\/table>\n<p>Vooder:\u00a0<\/p>\n<table cellpadding=\"0\" cellspacing=\"0\">\n<tbody>\n<tr>\n<td>\n<table cellpadding=\"0\" cellspacing=\"0\">\n<tbody>\n<tr>\n<td class=\"linesheet_normal_value\">Polyester<\/td>\n<\/tr>\n<\/tbody>\n<\/table>\n<\/td>\n<td>\u00a0\u00a0\u00a0<\/td>\n<td>\n<table cellpadding=\"0\" cellspacing=\"0\">\n<tbody>\n<tr>\n<td class=\"linesheet_normal_value\">100%<\/td>\n<\/tr>\n<\/tbody>\n<\/table>\n<\/td>\n<\/tr>\n<\/tbody>\n<\/table>","protected":false},"excerpt":{"rendered":"<p>Greiffi\u00a0kuulus kaasaegne kollektsioon on\u00a0muljetavaldava l\u00f5ikega\u00a0ja kangaga. Coolmax-kangas s\u00e4ilitab \u00fchtlase temperatuuri, reguleerib niiskust, on hingav ja t\u00e4ielikult masinpestav.<br \/>\nVAATA VIDEOT!\u00a0&#8211; kuidas hooldada<\/p>","protected":false},"featured_media":7808,"comment_status":"open","ping_status":"closed","template":"","meta":[],"product_cat":[760,145,759],"product_tag":[],"class_list":{"0":"post-7807","1":"product","2":"type-product","3":"status-publish","4":"has-post-thumbnail","6":"product_brand-greiff","7":"product_cat-naiste-vestid","8":"product_cat-teenindusriided","9":"product_cat-vestid","11":"first","12":"instock","13":"shipping-taxable","14":"purchasable","15":"product-type-variable"},"_links":{"self":[{"href":"https:\/\/uus.kokariided.ee\/en\/wp-json\/wp\/v2\/product\/7807","targetHints":{"allow":["GET"]}}],"collection":[{"href":"https:\/\/uus.kokariided.ee\/en\/wp-json\/wp\/v2\/product"}],"about":[{"href":"https:\/\/uus.kokariided.ee\/en\/wp-json\/wp\/v2\/types\/product"}],"replies":[{"embeddable":true,"href":"https:\/\/uus.kokariided.ee\/en\/wp-json\/wp\/v2\/comments?post=7807"}],"wp:featuredmedia":[{"embeddable":true,"href":"https:\/\/uus.kokariided.ee\/en\/wp-json\/wp\/v2\/media\/7808"}],"wp:attachment":[{"href":"https:\/\/uus.kokariided.ee\/en\/wp-json\/wp\/v2\/media?parent=7807"}],"wp:term":[{"taxonomy":"product_cat","embeddable":true,"href":"https:\/\/uus.kokariided.ee\/en\/wp-json\/wp\/v2\/product_cat?post=7807"},{"taxonomy":"product_tag","embeddable":true,"href":"https:\/\/uus.kokariided.ee\/en\/wp-json\/wp\/v2\/product_tag?post=7807"}],"curies":[{"name":"wp","href":"https:\/\/api.w.org\/{rel}","templated":true}]}}