{"id":7869,"date":"2017-09-25T11:08:22","date_gmt":"2017-09-25T11:08:22","guid":{"rendered":"https:\/\/uus.kokariided.ee\/?product=naiste-pluus-1755941685"},"modified":"2019-04-01T11:36:53","modified_gmt":"2019-04-01T11:36:53","slug":"naiste-pluus-1755941685","status":"publish","type":"product","link":"https:\/\/uus.kokariided.ee\/en\/product\/naiste-pluus-1755941685\/","title":{"rendered":"Naiste pluus"},"content":{"rendered":"","protected":false},"excerpt":{"rendered":"<p>Greiffi\u00a0kuulus kaasaegne kollektsioon on\u00a0muljetavaldava l\u00f5ikega\u00a0ja kangaga. Coolmax-kangas s\u00e4ilitab \u00fchtlase temperatuuri, reguleerib niiskust, on hingav ja t\u00e4ielikult masinpestav.\u00a0\u00d5huke, Kenti krae, laiendatud mansett logoga.<br \/>\nVAATA VIDEOT!\u00a0&#8211; kuidas hooldada<\/p>","protected":false},"featured_media":7870,"comment_status":"open","ping_status":"closed","template":"","meta":[],"product_cat":[756,753,145],"product_tag":[],"class_list":{"0":"post-7869","1":"product","2":"type-product","3":"status-publish","4":"has-post-thumbnail","6":"product_brand-greiff","7":"product_cat-naiste-pluusidsaergid","8":"product_cat-saergid-ja-pluusid","9":"product_cat-teenindusriided","11":"first","12":"instock","13":"shipping-taxable","14":"purchasable","15":"product-type-variable"},"_links":{"self":[{"href":"https:\/\/uus.kokariided.ee\/en\/wp-json\/wp\/v2\/product\/7869","targetHints":{"allow":["GET"]}}],"collection":[{"href":"https:\/\/uus.kokariided.ee\/en\/wp-json\/wp\/v2\/product"}],"about":[{"href":"https:\/\/uus.kokariided.ee\/en\/wp-json\/wp\/v2\/types\/product"}],"replies":[{"embeddable":true,"href":"https:\/\/uus.kokariided.ee\/en\/wp-json\/wp\/v2\/comments?post=7869"}],"wp:featuredmedia":[{"embeddable":true,"href":"https:\/\/uus.kokariided.ee\/en\/wp-json\/wp\/v2\/media\/7870"}],"wp:attachment":[{"href":"https:\/\/uus.kokariided.ee\/en\/wp-json\/wp\/v2\/media?parent=7869"}],"wp:term":[{"taxonomy":"product_cat","embeddable":true,"href":"https:\/\/uus.kokariided.ee\/en\/wp-json\/wp\/v2\/product_cat?post=7869"},{"taxonomy":"product_tag","embeddable":true,"href":"https:\/\/uus.kokariided.ee\/en\/wp-json\/wp\/v2\/product_tag?post=7869"}],"curies":[{"name":"wp","href":"https:\/\/api.w.org\/{rel}","templated":true}]}}