{"id":7969,"date":"2017-09-25T12:45:03","date_gmt":"2017-09-25T12:45:03","guid":{"rendered":"https:\/\/uus.kokariided.ee\/?product=naiste-premium-pluus-valge-1755941757"},"modified":"2024-05-15T13:05:20","modified_gmt":"2024-05-15T13:05:20","slug":"naiste-premium-pluus-valge-1755941757","status":"publish","type":"product","link":"https:\/\/uus.kokariided.ee\/en\/product\/naiste-premium-pluus-valge-1755941757\/","title":{"rendered":"Naiste PREMIUM pluus, valge"},"content":{"rendered":"","protected":false},"excerpt":{"rendered":"<p>Naiste pikkade varrukatega pluus, millel on Kenti krae ning V-kaelus. Krae, manseti ning n\u00f6\u00f6birea sisemine k\u00fclg\u00a0mustriga.\u00a0Lai mansett on kahe n\u00f6\u00f6bi ning Greiff tikandiga. Pesu kuni 60 kraadi.<br \/>\nMaterjal: 100% puuvill, 125 g\/m2<br \/>\nVAATA VIDEOT!\u00a0&#8211; kuidas hooldada<br \/>\nGreiffi\u00a0kuulus kaasaegne kollektsioon on\u00a0muljetavaldava l\u00f5ikega\u00a0ja kangaga.<\/p>","protected":false},"featured_media":7970,"comment_status":"open","ping_status":"closed","template":"","meta":[],"product_cat":[756,753,106,145],"product_tag":[213],"class_list":{"0":"post-7969","1":"product","2":"type-product","3":"status-publish","4":"has-post-thumbnail","6":"product_brand-greiff","7":"product_cat-naiste-pluusidsaergid","8":"product_cat-saergid-ja-pluusid","9":"product_cat-soodusmueuek","10":"product_cat-teenindusriided","11":"product_tag-puuvill","13":"first","14":"instock","15":"sale","16":"shipping-taxable","17":"purchasable","18":"product-type-variable"},"_links":{"self":[{"href":"https:\/\/uus.kokariided.ee\/en\/wp-json\/wp\/v2\/product\/7969","targetHints":{"allow":["GET"]}}],"collection":[{"href":"https:\/\/uus.kokariided.ee\/en\/wp-json\/wp\/v2\/product"}],"about":[{"href":"https:\/\/uus.kokariided.ee\/en\/wp-json\/wp\/v2\/types\/product"}],"replies":[{"embeddable":true,"href":"https:\/\/uus.kokariided.ee\/en\/wp-json\/wp\/v2\/comments?post=7969"}],"wp:featuredmedia":[{"embeddable":true,"href":"https:\/\/uus.kokariided.ee\/en\/wp-json\/wp\/v2\/media\/7970"}],"wp:attachment":[{"href":"https:\/\/uus.kokariided.ee\/en\/wp-json\/wp\/v2\/media?parent=7969"}],"wp:term":[{"taxonomy":"product_cat","embeddable":true,"href":"https:\/\/uus.kokariided.ee\/en\/wp-json\/wp\/v2\/product_cat?post=7969"},{"taxonomy":"product_tag","embeddable":true,"href":"https:\/\/uus.kokariided.ee\/en\/wp-json\/wp\/v2\/product_tag?post=7969"}],"curies":[{"name":"wp","href":"https:\/\/api.w.org\/{rel}","templated":true}]}}