{"id":7995,"date":"2017-09-25T16:41:09","date_gmt":"2017-09-25T16:41:09","guid":{"rendered":"https:\/\/uus.kokariided.ee\/?product=meeste-saerk-1755941774"},"modified":"2019-04-01T11:36:53","modified_gmt":"2019-04-01T11:36:53","slug":"meeste-saerk-1755941774","status":"publish","type":"product","link":"https:\/\/uus.kokariided.ee\/en\/product\/meeste-saerk-1755941774\/","title":{"rendered":"Meeste s\u00e4rk"},"content":{"rendered":"","protected":false},"excerpt":{"rendered":"<p>Greiffi\u00a0kuulus kaasaegne kollektsioon on\u00a0muljetavaldava l\u00f5ikega\u00a0ja kangaga. Coolmax-kangas s\u00e4ilitab \u00fchtlase temperatuuri, reguleerib niiskust, on hingav ja t\u00e4ielikult masinpestav. Slim\u00a0fit, Kenti krae, reguleeritav mansett logoga.<br \/>\nVAATA VIDEOT!\u00a0&#8211; kuidas hooldada<br \/>\nPuuvill\u00a076%<br \/>\nPol\u00fcester 22%<br \/>\nElastaan 2%<\/p>","protected":false},"featured_media":7996,"comment_status":"open","ping_status":"closed","template":"","meta":[],"product_cat":[754,753,145],"product_tag":[],"class_list":{"0":"post-7995","1":"product","2":"type-product","3":"status-publish","4":"has-post-thumbnail","6":"product_brand-greiff","7":"product_cat-meeste-saergid","8":"product_cat-saergid-ja-pluusid","9":"product_cat-teenindusriided","11":"first","12":"instock","13":"shipping-taxable","14":"purchasable","15":"product-type-variable"},"_links":{"self":[{"href":"https:\/\/uus.kokariided.ee\/en\/wp-json\/wp\/v2\/product\/7995","targetHints":{"allow":["GET"]}}],"collection":[{"href":"https:\/\/uus.kokariided.ee\/en\/wp-json\/wp\/v2\/product"}],"about":[{"href":"https:\/\/uus.kokariided.ee\/en\/wp-json\/wp\/v2\/types\/product"}],"replies":[{"embeddable":true,"href":"https:\/\/uus.kokariided.ee\/en\/wp-json\/wp\/v2\/comments?post=7995"}],"wp:featuredmedia":[{"embeddable":true,"href":"https:\/\/uus.kokariided.ee\/en\/wp-json\/wp\/v2\/media\/7996"}],"wp:attachment":[{"href":"https:\/\/uus.kokariided.ee\/en\/wp-json\/wp\/v2\/media?parent=7995"}],"wp:term":[{"taxonomy":"product_cat","embeddable":true,"href":"https:\/\/uus.kokariided.ee\/en\/wp-json\/wp\/v2\/product_cat?post=7995"},{"taxonomy":"product_tag","embeddable":true,"href":"https:\/\/uus.kokariided.ee\/en\/wp-json\/wp\/v2\/product_tag?post=7995"}],"curies":[{"name":"wp","href":"https:\/\/api.w.org\/{rel}","templated":true}]}}