{"id":8005,"date":"2017-09-25T16:47:47","date_gmt":"2017-09-25T16:47:47","guid":{"rendered":"https:\/\/uus.kokariided.ee\/?product=meeste-modern-375-rf-saerk-valge"},"modified":"2024-03-25T14:05:19","modified_gmt":"2024-03-25T14:05:19","slug":"meeste-modern-375-rf-saerk-valge","status":"publish","type":"product","link":"https:\/\/uus.kokariided.ee\/en\/product\/meeste-modern-375-rf-saerk-valge\/","title":{"rendered":"Meeste Modern 37,5 RF s\u00e4rk, valge"},"content":{"rendered":"","protected":false},"excerpt":{"rendered":"<p>Meeste\u00a0pikkade varrukatega pluus, millel on Kenti krae. Lai mansett on Greiff tikandiga, varruka l\u00f5hikul n\u00f6\u00f6p. Pesu kuni 60 kraadi.<br \/>\nMaterjal: 76% puuvill, 22% pol\u00fcester, 2% elastaan,\u00a0135 g\/m2<br \/>\nVAATA VIDEOT!\u00a0&#8211; kuidas hooldada<br \/>\nCoolmax-kangas s\u00e4ilitab \u00fchtlase temperatuuri, reguleerib niiskust, on hingav ja t\u00e4ielikult masinpestav.<\/p>","protected":false},"featured_media":8006,"comment_status":"open","ping_status":"closed","template":"","meta":[],"product_cat":[754,753,145],"product_tag":[],"class_list":{"0":"post-8005","1":"product","2":"type-product","3":"status-publish","4":"has-post-thumbnail","6":"product_brand-greiff","7":"product_cat-meeste-saergid","8":"product_cat-saergid-ja-pluusid","9":"product_cat-teenindusriided","11":"first","12":"instock","13":"shipping-taxable","14":"purchasable","15":"product-type-variable"},"_links":{"self":[{"href":"https:\/\/uus.kokariided.ee\/en\/wp-json\/wp\/v2\/product\/8005","targetHints":{"allow":["GET"]}}],"collection":[{"href":"https:\/\/uus.kokariided.ee\/en\/wp-json\/wp\/v2\/product"}],"about":[{"href":"https:\/\/uus.kokariided.ee\/en\/wp-json\/wp\/v2\/types\/product"}],"replies":[{"embeddable":true,"href":"https:\/\/uus.kokariided.ee\/en\/wp-json\/wp\/v2\/comments?post=8005"}],"wp:featuredmedia":[{"embeddable":true,"href":"https:\/\/uus.kokariided.ee\/en\/wp-json\/wp\/v2\/media\/8006"}],"wp:attachment":[{"href":"https:\/\/uus.kokariided.ee\/en\/wp-json\/wp\/v2\/media?parent=8005"}],"wp:term":[{"taxonomy":"product_cat","embeddable":true,"href":"https:\/\/uus.kokariided.ee\/en\/wp-json\/wp\/v2\/product_cat?post=8005"},{"taxonomy":"product_tag","embeddable":true,"href":"https:\/\/uus.kokariided.ee\/en\/wp-json\/wp\/v2\/product_tag?post=8005"}],"curies":[{"name":"wp","href":"https:\/\/api.w.org\/{rel}","templated":true}]}}