{"id":8018,"date":"2017-09-25T16:52:41","date_gmt":"2017-09-25T16:52:41","guid":{"rendered":"https:\/\/uus.kokariided.ee\/?product=naiste-modern-375-pluus-valge"},"modified":"2024-03-25T15:02:54","modified_gmt":"2024-03-25T15:02:54","slug":"naiste-modern-375-pluus-valge","status":"publish","type":"product","link":"https:\/\/uus.kokariided.ee\/en\/product\/naiste-modern-375-pluus-valge\/","title":{"rendered":"Naiste Modern 37,5 RF pluus, valge"},"content":{"rendered":"","protected":false},"excerpt":{"rendered":"<p>Naiste pikkade varrukatega pluus, millel on Kenti krae.\u00a0Krae, manseti ning n\u00f6\u00f6birea sisemine k\u00fclg\u00a0mustriga.\u00a0Lai mansett on kahe n\u00f6\u00f6bi ning Greiff tikandiga. Pesu kuni 60 kraadi.<br \/>\nMAterjal: 76% puuvill, 22% pol\u00fcester, 2% elastaan,\u00a0135 g\/m2<br \/>\nVAATA VIDEOT!\u00a0&#8211; kuidas hooldada<br \/>\nCoolmax-kangas s\u00e4ilitab \u00fchtlase temperatuuri, reguleerib niiskust, on hingav ja t\u00e4ielikult masinpestav.<\/p>","protected":false},"featured_media":8019,"comment_status":"open","ping_status":"closed","template":"","meta":[],"product_cat":[756,753,145],"product_tag":[],"class_list":{"0":"post-8018","1":"product","2":"type-product","3":"status-publish","4":"has-post-thumbnail","6":"product_brand-greiff","7":"product_cat-naiste-pluusidsaergid","8":"product_cat-saergid-ja-pluusid","9":"product_cat-teenindusriided","11":"first","12":"instock","13":"shipping-taxable","14":"purchasable","15":"product-type-variable"},"_links":{"self":[{"href":"https:\/\/uus.kokariided.ee\/en\/wp-json\/wp\/v2\/product\/8018","targetHints":{"allow":["GET"]}}],"collection":[{"href":"https:\/\/uus.kokariided.ee\/en\/wp-json\/wp\/v2\/product"}],"about":[{"href":"https:\/\/uus.kokariided.ee\/en\/wp-json\/wp\/v2\/types\/product"}],"replies":[{"embeddable":true,"href":"https:\/\/uus.kokariided.ee\/en\/wp-json\/wp\/v2\/comments?post=8018"}],"wp:featuredmedia":[{"embeddable":true,"href":"https:\/\/uus.kokariided.ee\/en\/wp-json\/wp\/v2\/media\/8019"}],"wp:attachment":[{"href":"https:\/\/uus.kokariided.ee\/en\/wp-json\/wp\/v2\/media?parent=8018"}],"wp:term":[{"taxonomy":"product_cat","embeddable":true,"href":"https:\/\/uus.kokariided.ee\/en\/wp-json\/wp\/v2\/product_cat?post=8018"},{"taxonomy":"product_tag","embeddable":true,"href":"https:\/\/uus.kokariided.ee\/en\/wp-json\/wp\/v2\/product_tag?post=8018"}],"curies":[{"name":"wp","href":"https:\/\/api.w.org\/{rel}","templated":true}]}}