{"id":8104,"date":"2017-09-26T16:12:20","date_gmt":"2017-09-26T16:12:20","guid":{"rendered":"https:\/\/uus.kokariided.ee\/?product=naiste-viigipueksid-1755941854"},"modified":"2019-04-01T11:36:54","modified_gmt":"2019-04-01T11:36:54","slug":"naiste-viigipueksid-1755941854","status":"publish","type":"product","link":"https:\/\/uus.kokariided.ee\/en\/product\/naiste-viigipueksid-1755941854\/","title":{"rendered":"Naiste viigip\u00fcksid"},"content":{"rendered":"","protected":false},"excerpt":{"rendered":"<p>Greiffi\u00a0kuulus kaasaegne kollektsioon on\u00a0muljetavaldava l\u00f5ikega\u00a0ja kangaga. Coolmax-kangas s\u00e4ilitab \u00fchtlase temperatuuri, reguleerib niiskust, on hingav ja t\u00e4ielikult masinpestav.\u00a0<br \/>\nK\u00f5rge v\u00e4rvel, kitsama s\u00e4\u00e4rega, 2 k\u00fcljetaskut, kaardi tasku, pooleldi vooderdatud, pahkluu laius 38 cm\/suurusel 38, jalg 82cm, masinpestav<br \/>\nVooder: 100% pol\u00fcester<br \/>\nVAATA VIDEOT!\u00a0&#8211; kuidas hooldada<\/p>","protected":false},"featured_media":8105,"comment_status":"open","ping_status":"closed","template":"","meta":[],"product_cat":[794,145],"product_tag":[],"class_list":{"0":"post-8104","1":"product","2":"type-product","3":"status-publish","4":"has-post-thumbnail","6":"product_brand-greiff","7":"product_cat-pueksid1756115223","8":"product_cat-teenindusriided","10":"first","11":"instock","12":"shipping-taxable","13":"purchasable","14":"product-type-variable"},"_links":{"self":[{"href":"https:\/\/uus.kokariided.ee\/en\/wp-json\/wp\/v2\/product\/8104","targetHints":{"allow":["GET"]}}],"collection":[{"href":"https:\/\/uus.kokariided.ee\/en\/wp-json\/wp\/v2\/product"}],"about":[{"href":"https:\/\/uus.kokariided.ee\/en\/wp-json\/wp\/v2\/types\/product"}],"replies":[{"embeddable":true,"href":"https:\/\/uus.kokariided.ee\/en\/wp-json\/wp\/v2\/comments?post=8104"}],"wp:featuredmedia":[{"embeddable":true,"href":"https:\/\/uus.kokariided.ee\/en\/wp-json\/wp\/v2\/media\/8105"}],"wp:attachment":[{"href":"https:\/\/uus.kokariided.ee\/en\/wp-json\/wp\/v2\/media?parent=8104"}],"wp:term":[{"taxonomy":"product_cat","embeddable":true,"href":"https:\/\/uus.kokariided.ee\/en\/wp-json\/wp\/v2\/product_cat?post=8104"},{"taxonomy":"product_tag","embeddable":true,"href":"https:\/\/uus.kokariided.ee\/en\/wp-json\/wp\/v2\/product_tag?post=8104"}],"curies":[{"name":"wp","href":"https:\/\/api.w.org\/{rel}","templated":true}]}}