{"id":8152,"date":"2017-09-28T11:19:40","date_gmt":"2017-09-28T11:19:40","guid":{"rendered":"https:\/\/uus.kokariided.ee\/?product=satineeritud-kandiga-servjett"},"modified":"2025-08-12T17:10:12","modified_gmt":"2025-08-12T17:10:12","slug":"satineeritud-kandiga-servjett","status":"publish","type":"product","link":"https:\/\/uus.kokariided.ee\/en\/product\/satineeritud-kandiga-servjett\/","title":{"rendered":"Satineeritud kandiga servjett 50x50cm"},"content":{"rendered":"","protected":false},"excerpt":{"rendered":"<p>Satineeritud kandiga servjett \/ salvr\u00e4tik<br \/>\nM\u00f5\u00f5dud: 50x50cm100% puuvill2 servast \u00f5mmeldudvalget v\u00e4rvi<br \/>\nPesujuhend:<\/p>\n<p>NB!\u00a0Kogus t\u00e4ieneb\u00a0septembris<\/p>","protected":false},"featured_media":8153,"comment_status":"open","ping_status":"closed","template":"","meta":[],"product_cat":[735,155],"product_tag":[384,383,382,380,381],"class_list":{"0":"post-8152","1":"product","2":"type-product","3":"status-publish","4":"has-post-thumbnail","6":"product_cat-salfad-servjetid-salvraetid","7":"product_cat-sisustustooted","8":"product_tag-napkin","9":"product_tag-salfa","10":"product_tag-salvratik","11":"product_tag-servjett","12":"product_tag-valge-kandiga-servjett","14":"first","15":"instock","16":"shipping-taxable","17":"purchasable","18":"product-type-variable"},"_links":{"self":[{"href":"https:\/\/uus.kokariided.ee\/en\/wp-json\/wp\/v2\/product\/8152","targetHints":{"allow":["GET"]}}],"collection":[{"href":"https:\/\/uus.kokariided.ee\/en\/wp-json\/wp\/v2\/product"}],"about":[{"href":"https:\/\/uus.kokariided.ee\/en\/wp-json\/wp\/v2\/types\/product"}],"replies":[{"embeddable":true,"href":"https:\/\/uus.kokariided.ee\/en\/wp-json\/wp\/v2\/comments?post=8152"}],"wp:featuredmedia":[{"embeddable":true,"href":"https:\/\/uus.kokariided.ee\/en\/wp-json\/wp\/v2\/media\/8153"}],"wp:attachment":[{"href":"https:\/\/uus.kokariided.ee\/en\/wp-json\/wp\/v2\/media?parent=8152"}],"wp:term":[{"taxonomy":"product_cat","embeddable":true,"href":"https:\/\/uus.kokariided.ee\/en\/wp-json\/wp\/v2\/product_cat?post=8152"},{"taxonomy":"product_tag","embeddable":true,"href":"https:\/\/uus.kokariided.ee\/en\/wp-json\/wp\/v2\/product_tag?post=8152"}],"curies":[{"name":"wp","href":"https:\/\/api.w.org\/{rel}","templated":true}]}}