{"id":8159,"date":"2017-09-29T09:51:07","date_gmt":"2017-09-29T09:51:07","guid":{"rendered":"https:\/\/uus.kokariided.ee\/?product=naiste-vest-1755941897"},"modified":"2024-05-15T13:03:41","modified_gmt":"2024-05-15T13:03:41","slug":"naiste-vest-1755941897","status":"publish","type":"product","link":"https:\/\/uus.kokariided.ee\/en\/product\/naiste-vest-1755941897\/","title":{"rendered":"Naiste pintsak"},"content":{"rendered":"<\/p>","protected":false},"excerpt":{"rendered":"<p>Slim fit. Vett ja mustusth\u00fclgav, mittekortsuv\u00a0 ja hingav stret\u0161kangas. Kaks n\u00f6\u00f6pi. Krae ja rev\u00e4\u00e4rid. Klapiga k\u00fcljetaskud, sisetaskud. Seljal l\u00f5hik.<br \/>\nVooder 100% pol\u00fcestrist. *Pikkus tagant keskelt 58 cm (suurusel 38).<br \/>\nKoostis: 60\/36\/4% uusvill*\/pol\u00fcestrit\/elastaan.<br \/>\nMasinpesu. *Uusvill- keemiliselt t\u00f6\u00f6tlemata vill.<br \/>\nVAATA VIDEOT!\u00a0&#8211; kuidas hooldada<\/p>","protected":false},"featured_media":8160,"comment_status":"open","ping_status":"closed","template":"","meta":[],"product_cat":[734,145],"product_tag":[],"class_list":{"0":"post-8159","1":"product","2":"type-product","3":"status-publish","4":"has-post-thumbnail","6":"product_brand-greiff","7":"product_cat-pintsakud","8":"product_cat-teenindusriided","10":"first","11":"instock","12":"shipping-taxable","13":"purchasable","14":"product-type-variable"},"_links":{"self":[{"href":"https:\/\/uus.kokariided.ee\/en\/wp-json\/wp\/v2\/product\/8159","targetHints":{"allow":["GET"]}}],"collection":[{"href":"https:\/\/uus.kokariided.ee\/en\/wp-json\/wp\/v2\/product"}],"about":[{"href":"https:\/\/uus.kokariided.ee\/en\/wp-json\/wp\/v2\/types\/product"}],"replies":[{"embeddable":true,"href":"https:\/\/uus.kokariided.ee\/en\/wp-json\/wp\/v2\/comments?post=8159"}],"wp:featuredmedia":[{"embeddable":true,"href":"https:\/\/uus.kokariided.ee\/en\/wp-json\/wp\/v2\/media\/8160"}],"wp:attachment":[{"href":"https:\/\/uus.kokariided.ee\/en\/wp-json\/wp\/v2\/media?parent=8159"}],"wp:term":[{"taxonomy":"product_cat","embeddable":true,"href":"https:\/\/uus.kokariided.ee\/en\/wp-json\/wp\/v2\/product_cat?post=8159"},{"taxonomy":"product_tag","embeddable":true,"href":"https:\/\/uus.kokariided.ee\/en\/wp-json\/wp\/v2\/product_tag?post=8159"}],"curies":[{"name":"wp","href":"https:\/\/api.w.org\/{rel}","templated":true}]}}