{"id":8177,"date":"2017-09-29T10:04:37","date_gmt":"2017-09-29T10:04:37","guid":{"rendered":"https:\/\/uus.kokariided.ee\/?product=naiste-pintsak-1755941909"},"modified":"2019-04-01T11:36:53","modified_gmt":"2019-04-01T11:36:53","slug":"naiste-pintsak-1755941909","status":"publish","type":"product","link":"https:\/\/uus.kokariided.ee\/en\/product\/naiste-pintsak-1755941909\/","title":{"rendered":"Naiste pintsak"},"content":{"rendered":"<\/p>","protected":false},"excerpt":{"rendered":"<p>Slim fit, mittekortsuv \u00a0ja hingav stret\u0161kangas. Kaks n\u00f6\u00f6pi. Krae ja rev\u00e4\u00e4rid. Klapiga k\u00fcljetaskud, sisetasku. Pooleldi vooderdatud. Vooder 100% pol\u00fcestrist. *Pikkus tagant keskelt 56 cm (suurusel 38).<br \/>\nKoostis: 52\/46\/2% pol\u00fcestrit \/uusvill\/ \/elastaan.<br \/>\nVAATA VIDEOT!\u00a0&#8211; kuidas hooldada<br \/>\n\u00a0<\/p>","protected":false},"featured_media":8178,"comment_status":"open","ping_status":"closed","template":"","meta":[],"product_cat":[734,145],"product_tag":[],"class_list":{"0":"post-8177","1":"product","2":"type-product","3":"status-publish","4":"has-post-thumbnail","6":"product_brand-greiff","7":"product_cat-pintsakud","8":"product_cat-teenindusriided","10":"first","11":"instock","12":"shipping-taxable","13":"purchasable","14":"product-type-variable"},"_links":{"self":[{"href":"https:\/\/uus.kokariided.ee\/en\/wp-json\/wp\/v2\/product\/8177","targetHints":{"allow":["GET"]}}],"collection":[{"href":"https:\/\/uus.kokariided.ee\/en\/wp-json\/wp\/v2\/product"}],"about":[{"href":"https:\/\/uus.kokariided.ee\/en\/wp-json\/wp\/v2\/types\/product"}],"replies":[{"embeddable":true,"href":"https:\/\/uus.kokariided.ee\/en\/wp-json\/wp\/v2\/comments?post=8177"}],"wp:featuredmedia":[{"embeddable":true,"href":"https:\/\/uus.kokariided.ee\/en\/wp-json\/wp\/v2\/media\/8178"}],"wp:attachment":[{"href":"https:\/\/uus.kokariided.ee\/en\/wp-json\/wp\/v2\/media?parent=8177"}],"wp:term":[{"taxonomy":"product_cat","embeddable":true,"href":"https:\/\/uus.kokariided.ee\/en\/wp-json\/wp\/v2\/product_cat?post=8177"},{"taxonomy":"product_tag","embeddable":true,"href":"https:\/\/uus.kokariided.ee\/en\/wp-json\/wp\/v2\/product_tag?post=8177"}],"curies":[{"name":"wp","href":"https:\/\/api.w.org\/{rel}","templated":true}]}}