{"id":8197,"date":"2017-09-29T10:17:09","date_gmt":"2017-09-29T10:17:09","guid":{"rendered":"https:\/\/uus.kokariided.ee\/?product=naiste-pintsak-1755941924"},"modified":"2019-04-01T11:36:53","modified_gmt":"2019-04-01T11:36:53","slug":"naiste-pintsak-1755941924","status":"publish","type":"product","link":"https:\/\/uus.kokariided.ee\/en\/product\/naiste-pintsak-1755941924\/","title":{"rendered":"Naiste pintsak"},"content":{"rendered":"<\/p>","protected":false},"excerpt":{"rendered":"<p>Slim fit, mittekortsuv \u00a0ja hingav stret\u0161kangas. \u00dcmar kaelus, peplum l\u00f5ige, lukuga. K\u00fcljetaskud dekoratiiv\u00f5mblustega, lukuga sisetasku. T\u00e4ielikult vooderdatud<br \/>\nVooder 100% pol\u00fcestrist. *Pikkus tagant keskelt 51 cm (suurusel 38).<br \/>\nKoostis: 52\/46\/2% pol\u00fcestrit \/uusvill\/ \/elastaan.<br \/>\nVAATA VIDEOT!\u00a0&#8211; kuidas hooldada<\/p>","protected":false},"featured_media":8198,"comment_status":"open","ping_status":"closed","template":"","meta":[],"product_cat":[734,145],"product_tag":[],"class_list":{"0":"post-8197","1":"product","2":"type-product","3":"status-publish","4":"has-post-thumbnail","6":"product_brand-greiff","7":"product_cat-pintsakud","8":"product_cat-teenindusriided","10":"first","11":"instock","12":"shipping-taxable","13":"purchasable","14":"product-type-variable"},"_links":{"self":[{"href":"https:\/\/uus.kokariided.ee\/en\/wp-json\/wp\/v2\/product\/8197","targetHints":{"allow":["GET"]}}],"collection":[{"href":"https:\/\/uus.kokariided.ee\/en\/wp-json\/wp\/v2\/product"}],"about":[{"href":"https:\/\/uus.kokariided.ee\/en\/wp-json\/wp\/v2\/types\/product"}],"replies":[{"embeddable":true,"href":"https:\/\/uus.kokariided.ee\/en\/wp-json\/wp\/v2\/comments?post=8197"}],"wp:featuredmedia":[{"embeddable":true,"href":"https:\/\/uus.kokariided.ee\/en\/wp-json\/wp\/v2\/media\/8198"}],"wp:attachment":[{"href":"https:\/\/uus.kokariided.ee\/en\/wp-json\/wp\/v2\/media?parent=8197"}],"wp:term":[{"taxonomy":"product_cat","embeddable":true,"href":"https:\/\/uus.kokariided.ee\/en\/wp-json\/wp\/v2\/product_cat?post=8197"},{"taxonomy":"product_tag","embeddable":true,"href":"https:\/\/uus.kokariided.ee\/en\/wp-json\/wp\/v2\/product_tag?post=8197"}],"curies":[{"name":"wp","href":"https:\/\/api.w.org\/{rel}","templated":true}]}}