{"id":8223,"date":"2017-09-29T11:15:23","date_gmt":"2017-09-29T11:15:23","guid":{"rendered":"https:\/\/uus.kokariided.ee\/?product=meeste-pintsak"},"modified":"2019-04-01T11:36:54","modified_gmt":"2019-04-01T11:36:54","slug":"meeste-pintsak","status":"publish","type":"product","link":"https:\/\/uus.kokariided.ee\/en\/product\/meeste-pintsak\/","title":{"rendered":"Meeste pintsak"},"content":{"rendered":"<\/p>","protected":false},"excerpt":{"rendered":"<p>Slim fit, \u00a0mittekortsuv, vett ja mustusth\u00fclgav \u00a0hingav stret\u0161kangas. Kahe n\u00f6\u00f6biga mudel. krae ja rev\u00e4\u00e4rid. Klapiga k\u00fcljetaskud, sisetasku. Seljaosal l\u00f5hik, osalise voodriga, dekoratiiv\u00f5mblused. Vooder 100% pol\u00fcestrist. *Pikkus tagant keskelt 74 \u00a0cm (suurusel 50). Koostis: 60\/36\/4% \u00a0uusvill\/pol\u00fcestrit \/elastaan.<br \/>\nVAATA VIDEOT!\u00a0&#8211; kuidas hooldada<\/p>","protected":false},"featured_media":8224,"comment_status":"open","ping_status":"closed","template":"","meta":[],"product_cat":[734,145],"product_tag":[],"class_list":{"0":"post-8223","1":"product","2":"type-product","3":"status-publish","4":"has-post-thumbnail","6":"product_brand-greiff","7":"product_cat-pintsakud","8":"product_cat-teenindusriided","10":"first","11":"instock","12":"shipping-taxable","13":"purchasable","14":"product-type-variable"},"_links":{"self":[{"href":"https:\/\/uus.kokariided.ee\/en\/wp-json\/wp\/v2\/product\/8223","targetHints":{"allow":["GET"]}}],"collection":[{"href":"https:\/\/uus.kokariided.ee\/en\/wp-json\/wp\/v2\/product"}],"about":[{"href":"https:\/\/uus.kokariided.ee\/en\/wp-json\/wp\/v2\/types\/product"}],"replies":[{"embeddable":true,"href":"https:\/\/uus.kokariided.ee\/en\/wp-json\/wp\/v2\/comments?post=8223"}],"wp:featuredmedia":[{"embeddable":true,"href":"https:\/\/uus.kokariided.ee\/en\/wp-json\/wp\/v2\/media\/8224"}],"wp:attachment":[{"href":"https:\/\/uus.kokariided.ee\/en\/wp-json\/wp\/v2\/media?parent=8223"}],"wp:term":[{"taxonomy":"product_cat","embeddable":true,"href":"https:\/\/uus.kokariided.ee\/en\/wp-json\/wp\/v2\/product_cat?post=8223"},{"taxonomy":"product_tag","embeddable":true,"href":"https:\/\/uus.kokariided.ee\/en\/wp-json\/wp\/v2\/product_tag?post=8223"}],"curies":[{"name":"wp","href":"https:\/\/api.w.org\/{rel}","templated":true}]}}