{"id":8286,"date":"2017-09-29T15:09:07","date_gmt":"2017-09-29T15:09:07","guid":{"rendered":"https:\/\/uus.kokariided.ee\/?product=kleit"},"modified":"2023-02-21T13:01:59","modified_gmt":"2023-02-21T13:01:59","slug":"kleit","status":"publish","type":"product","link":"https:\/\/uus.kokariided.ee\/en\/product\/kleit\/","title":{"rendered":"Kleit"},"content":{"rendered":"<\/p>","protected":false},"excerpt":{"rendered":"<p>Regular\u00a0fit, vett- ja mustusth\u00fclgav kangas, mittekortsuv ja hingav stret\u0161kangas. Ristk\u00fclikukujuline kaelus, selja taga l\u00f5hik, veniv vooder, seljapikkus 94 cm (suurusel 38). Masinpestav.<br \/>\nKoostis: 60\/36\/4% uusvill\/pol\u00fcester\/elastaan.<br \/>\nVAATA VIDEOT!\u00a0&#8211; kuidas hooldada<br \/>\n\u00a0<\/p>","protected":false},"featured_media":8287,"comment_status":"open","ping_status":"closed","template":"","meta":[],"product_cat":[733,145],"product_tag":[],"class_list":{"0":"post-8286","1":"product","2":"type-product","3":"status-publish","4":"has-post-thumbnail","6":"product_brand-greiff","7":"product_cat-kleidid","8":"product_cat-teenindusriided","10":"first","11":"instock","12":"shipping-taxable","13":"purchasable","14":"product-type-variable"},"_links":{"self":[{"href":"https:\/\/uus.kokariided.ee\/en\/wp-json\/wp\/v2\/product\/8286","targetHints":{"allow":["GET"]}}],"collection":[{"href":"https:\/\/uus.kokariided.ee\/en\/wp-json\/wp\/v2\/product"}],"about":[{"href":"https:\/\/uus.kokariided.ee\/en\/wp-json\/wp\/v2\/types\/product"}],"replies":[{"embeddable":true,"href":"https:\/\/uus.kokariided.ee\/en\/wp-json\/wp\/v2\/comments?post=8286"}],"wp:featuredmedia":[{"embeddable":true,"href":"https:\/\/uus.kokariided.ee\/en\/wp-json\/wp\/v2\/media\/8287"}],"wp:attachment":[{"href":"https:\/\/uus.kokariided.ee\/en\/wp-json\/wp\/v2\/media?parent=8286"}],"wp:term":[{"taxonomy":"product_cat","embeddable":true,"href":"https:\/\/uus.kokariided.ee\/en\/wp-json\/wp\/v2\/product_cat?post=8286"},{"taxonomy":"product_tag","embeddable":true,"href":"https:\/\/uus.kokariided.ee\/en\/wp-json\/wp\/v2\/product_tag?post=8286"}],"curies":[{"name":"wp","href":"https:\/\/api.w.org\/{rel}","templated":true}]}}