{"id":8301,"date":"2017-09-29T15:21:11","date_gmt":"2017-09-29T15:21:11","guid":{"rendered":"https:\/\/uus.kokariided.ee\/?product=kleit-1755941992"},"modified":"2020-02-13T11:01:47","modified_gmt":"2020-02-13T11:01:47","slug":"kleit-1755941992","status":"publish","type":"product","link":"https:\/\/uus.kokariided.ee\/en\/product\/kleit-1755941992\/","title":{"rendered":"Kleit"},"content":{"rendered":"<p>37.5\u00ae tehnoloogia jahutab, kui t\u00f6\u00f6keskkonnas on soe ja soojendab, kui t\u00f6\u00f6keskkonnas on k\u00fclm<\/p>","protected":false},"excerpt":{"rendered":"<p>Regular\u00a0fit<br \/>\nVett- ja mustusth\u00fclgav kangas, mittekortsuv ja hingav stret\u0161kangas. \u00dcmar\u00a0kaelus, selja taga l\u00f5hik, t\u00e4ielikult vooderdatud, dekoratiiv\u00f5mblused, seljapikkus 97 cm (suurusel 38). Masinpestav.<br \/>\nKoostis: 52\/46\/2% pol\u00fcester\/uusvill\/elastaan.\u00a0<br \/>\n37.5\u00ae tehnoloogia<br \/>\nVAATA VIDEOT!\u00a0&#8211; kuidas hooldada<br \/>\n\u00a0<\/p>","protected":false},"featured_media":8302,"comment_status":"open","ping_status":"closed","template":"","meta":[],"product_cat":[733,145],"product_tag":[],"class_list":{"0":"post-8301","1":"product","2":"type-product","3":"status-publish","4":"has-post-thumbnail","6":"product_brand-greiff","7":"product_cat-kleidid","8":"product_cat-teenindusriided","10":"first","11":"instock","12":"shipping-taxable","13":"purchasable","14":"product-type-variable"},"_links":{"self":[{"href":"https:\/\/uus.kokariided.ee\/en\/wp-json\/wp\/v2\/product\/8301","targetHints":{"allow":["GET"]}}],"collection":[{"href":"https:\/\/uus.kokariided.ee\/en\/wp-json\/wp\/v2\/product"}],"about":[{"href":"https:\/\/uus.kokariided.ee\/en\/wp-json\/wp\/v2\/types\/product"}],"replies":[{"embeddable":true,"href":"https:\/\/uus.kokariided.ee\/en\/wp-json\/wp\/v2\/comments?post=8301"}],"wp:featuredmedia":[{"embeddable":true,"href":"https:\/\/uus.kokariided.ee\/en\/wp-json\/wp\/v2\/media\/8302"}],"wp:attachment":[{"href":"https:\/\/uus.kokariided.ee\/en\/wp-json\/wp\/v2\/media?parent=8301"}],"wp:term":[{"taxonomy":"product_cat","embeddable":true,"href":"https:\/\/uus.kokariided.ee\/en\/wp-json\/wp\/v2\/product_cat?post=8301"},{"taxonomy":"product_tag","embeddable":true,"href":"https:\/\/uus.kokariided.ee\/en\/wp-json\/wp\/v2\/product_tag?post=8301"}],"curies":[{"name":"wp","href":"https:\/\/api.w.org\/{rel}","templated":true}]}}