{"id":8933,"date":"2017-11-29T12:52:51","date_gmt":"2017-11-29T12:52:51","guid":{"rendered":"https:\/\/uus.kokariided.ee\/?product=puestiseisulaua-kate-62"},"modified":"2017-11-29T13:06:40","modified_gmt":"2017-11-29T13:06:40","slug":"puestiseisulaua-kate-62","status":"publish","type":"product","link":"https:\/\/uus.kokariided.ee\/en\/product\/puestiseisulaua-kate-62\/","title":{"rendered":"P\u00fcstiseisulaua kate 62"},"content":{"rendered":"","protected":false},"excerpt":{"rendered":"<p>Materjal: 100% pol\u00fcesterGrammkaal: 135g\/m2Lauaplaadi l\u00e4bim\u00f5\u00f5t:\u00a0\u00d8 80-90cmHinnad sisaldavad k\u00e4ibemaksu!<\/p>","protected":false},"featured_media":8934,"comment_status":"open","ping_status":"closed","template":"","meta":[],"product_cat":[715,155],"product_tag":[],"class_list":{"0":"post-8933","1":"product","2":"type-product","3":"status-publish","4":"has-post-thumbnail","6":"product_cat-puestiseisulaua-katted","7":"product_cat-sisustustooted","9":"first","10":"instock","11":"shipping-taxable","12":"purchasable","13":"product-type-variable"},"_links":{"self":[{"href":"https:\/\/uus.kokariided.ee\/en\/wp-json\/wp\/v2\/product\/8933","targetHints":{"allow":["GET"]}}],"collection":[{"href":"https:\/\/uus.kokariided.ee\/en\/wp-json\/wp\/v2\/product"}],"about":[{"href":"https:\/\/uus.kokariided.ee\/en\/wp-json\/wp\/v2\/types\/product"}],"replies":[{"embeddable":true,"href":"https:\/\/uus.kokariided.ee\/en\/wp-json\/wp\/v2\/comments?post=8933"}],"wp:featuredmedia":[{"embeddable":true,"href":"https:\/\/uus.kokariided.ee\/en\/wp-json\/wp\/v2\/media\/8934"}],"wp:attachment":[{"href":"https:\/\/uus.kokariided.ee\/en\/wp-json\/wp\/v2\/media?parent=8933"}],"wp:term":[{"taxonomy":"product_cat","embeddable":true,"href":"https:\/\/uus.kokariided.ee\/en\/wp-json\/wp\/v2\/product_cat?post=8933"},{"taxonomy":"product_tag","embeddable":true,"href":"https:\/\/uus.kokariided.ee\/en\/wp-json\/wp\/v2\/product_tag?post=8933"}],"curies":[{"name":"wp","href":"https:\/\/api.w.org\/{rel}","templated":true}]}}