{"id":8987,"date":"2017-11-29T13:10:18","date_gmt":"2017-11-29T13:10:18","guid":{"rendered":"https:\/\/uus.kokariided.ee\/?product=puestiseisulaua-kaitseplaadid"},"modified":"2017-11-29T13:15:28","modified_gmt":"2017-11-29T13:15:28","slug":"puestiseisulaua-kaitseplaadid","status":"publish","type":"product","link":"https:\/\/uus.kokariided.ee\/en\/product\/puestiseisulaua-kaitseplaadid\/","title":{"rendered":"P\u00fcstiseisulaua kaitseplaadid"},"content":{"rendered":"","protected":false},"excerpt":{"rendered":"<p>M\u00fc\u00fcme pukklaua kaitsekatteid erinevate l\u00e4bim\u00f5\u00f5tudega pukklaudadele.Valikust on v\u00f5imalik valida kaitseplaati l\u00e4bim\u00f5\u00f5duga 68, 78 ja 83cmLevinud m\u00f5\u00f5te diameetriga 78 ja 83cm hoiame sees.<br \/>\nHinnad sisaldavad k\u00e4ibemaksu!<\/p>","protected":false},"featured_media":8988,"comment_status":"open","ping_status":"closed","template":"","meta":[],"product_cat":[714,155],"product_tag":[],"class_list":{"0":"post-8987","1":"product","2":"type-product","3":"status-publish","4":"has-post-thumbnail","6":"product_cat-pukklaua-kaitseplaadid","7":"product_cat-sisustustooted","9":"first","10":"instock","11":"shipping-taxable","12":"purchasable","13":"product-type-variable"},"_links":{"self":[{"href":"https:\/\/uus.kokariided.ee\/en\/wp-json\/wp\/v2\/product\/8987","targetHints":{"allow":["GET"]}}],"collection":[{"href":"https:\/\/uus.kokariided.ee\/en\/wp-json\/wp\/v2\/product"}],"about":[{"href":"https:\/\/uus.kokariided.ee\/en\/wp-json\/wp\/v2\/types\/product"}],"replies":[{"embeddable":true,"href":"https:\/\/uus.kokariided.ee\/en\/wp-json\/wp\/v2\/comments?post=8987"}],"wp:featuredmedia":[{"embeddable":true,"href":"https:\/\/uus.kokariided.ee\/en\/wp-json\/wp\/v2\/media\/8988"}],"wp:attachment":[{"href":"https:\/\/uus.kokariided.ee\/en\/wp-json\/wp\/v2\/media?parent=8987"}],"wp:term":[{"taxonomy":"product_cat","embeddable":true,"href":"https:\/\/uus.kokariided.ee\/en\/wp-json\/wp\/v2\/product_cat?post=8987"},{"taxonomy":"product_tag","embeddable":true,"href":"https:\/\/uus.kokariided.ee\/en\/wp-json\/wp\/v2\/product_tag?post=8987"}],"curies":[{"name":"wp","href":"https:\/\/api.w.org\/{rel}","templated":true}]}}