{"id":8999,"date":"2017-11-29T15:03:07","date_gmt":"2017-11-29T15:03:07","guid":{"rendered":"https:\/\/uus.kokariided.ee\/?product=pukklaud-fav-hige"},"modified":"2022-08-29T18:08:22","modified_gmt":"2022-08-29T18:08:22","slug":"pukklaud-fav-hige","status":"publish","type":"product","link":"https:\/\/uus.kokariided.ee\/en\/product\/pukklaud-fav-hige\/","title":{"rendered":"Pukklaud Fav-Hige"},"content":{"rendered":"","protected":false},"excerpt":{"rendered":"<p>Pukklaud Fav Hige<br \/>\nSevelit<br \/>\n\u2022 melamiiniga kahelt poolt kaetud puitlaastplaat.<br \/>\n\u2022 Paksus: 16 mm<br \/>\n\u2022 UV-kaitsega, kuumuskindlad, kriimustuskindel, sigaretikindel, ilmastikukindel.<br \/>\n\u2022 Serv: k\u00f5rge l\u00f6\u00f6gikindlast pol\u00fcprop\u00fcleenist, annab optimaalne kaitse \u00fcmber laua olevale servale, takistab\u00a0niiskuse p\u00e4\u00e4su, paksus: 32 mm<br \/>\nK\u00f5rgus: 113cmPlaadi l\u00e4bim\u00f5\u00f5t: 85cm<\/p>\n<p>Hinnad sisaldavad k\u00e4ibemaksu!<\/p>","protected":false},"featured_media":9000,"comment_status":"open","ping_status":"closed","template":"","meta":[],"product_cat":[722,727,155],"product_tag":[],"class_list":{"0":"post-8999","1":"product","2":"type-product","3":"status-publish","4":"has-post-thumbnail","6":"product_cat-moeoebel","7":"product_cat-puestiseisulauadpukklauad","8":"product_cat-sisustustooted","10":"first","11":"instock","12":"shipping-taxable","13":"purchasable","14":"product-type-variable"},"_links":{"self":[{"href":"https:\/\/uus.kokariided.ee\/en\/wp-json\/wp\/v2\/product\/8999","targetHints":{"allow":["GET"]}}],"collection":[{"href":"https:\/\/uus.kokariided.ee\/en\/wp-json\/wp\/v2\/product"}],"about":[{"href":"https:\/\/uus.kokariided.ee\/en\/wp-json\/wp\/v2\/types\/product"}],"replies":[{"embeddable":true,"href":"https:\/\/uus.kokariided.ee\/en\/wp-json\/wp\/v2\/comments?post=8999"}],"wp:featuredmedia":[{"embeddable":true,"href":"https:\/\/uus.kokariided.ee\/en\/wp-json\/wp\/v2\/media\/9000"}],"wp:attachment":[{"href":"https:\/\/uus.kokariided.ee\/en\/wp-json\/wp\/v2\/media?parent=8999"}],"wp:term":[{"taxonomy":"product_cat","embeddable":true,"href":"https:\/\/uus.kokariided.ee\/en\/wp-json\/wp\/v2\/product_cat?post=8999"},{"taxonomy":"product_tag","embeddable":true,"href":"https:\/\/uus.kokariided.ee\/en\/wp-json\/wp\/v2\/product_tag?post=8999"}],"curies":[{"name":"wp","href":"https:\/\/api.w.org\/{rel}","templated":true}]}}