{"id":9188,"date":"2017-11-30T17:01:29","date_gmt":"2017-11-30T17:01:29","guid":{"rendered":"https:\/\/uus.kokariided.ee\/?product=meeste-kokajakk-ottavio-mm-bordeaux-pol-cot"},"modified":"2022-11-18T14:15:40","modified_gmt":"2022-11-18T14:15:40","slug":"meeste-kokajakk-ottavio-mm-bordeaux-pol-cot","status":"publish","type":"product","link":"https:\/\/uus.kokariided.ee\/en\/product\/meeste-kokajakk-ottavio-mm-bordeaux-pol-cot\/","title":{"rendered":"Kokajakk Ottavio MM Bordeaux PC"},"content":{"rendered":"","protected":false},"excerpt":{"rendered":"<p>Unisex kokajakk, mille seljaosal on veniv ning hingav v\u00f5rkkangas. L\u00fchikesed varrukad ning jaki esiosa on pol\u00fcester-puuvillasegust. Vasakul rinnal on tasku, kitsas tasku on ka vasakul varrukal. Kinnitus on peidetud trukkidega, millel puudub nahakontakt.<br \/>\n65% pol\u00fcester, 35% puuvill<br \/>\nSaadaval suurustes S &#8211; 4XL<\/p>","protected":false},"featured_media":9189,"comment_status":"open","ping_status":"closed","template":"","meta":[],"product_cat":[110,104,789],"product_tag":[],"class_list":{"0":"post-9188","1":"product","2":"type-product","3":"status-publish","4":"has-post-thumbnail","6":"product_brand-egochef","7":"product_cat-kokajakid","8":"product_cat-kokariided","9":"product_cat-meeste-unisex-kokajakid","11":"first","12":"instock","13":"shipping-taxable","14":"purchasable","15":"product-type-variable"},"_links":{"self":[{"href":"https:\/\/uus.kokariided.ee\/en\/wp-json\/wp\/v2\/product\/9188","targetHints":{"allow":["GET"]}}],"collection":[{"href":"https:\/\/uus.kokariided.ee\/en\/wp-json\/wp\/v2\/product"}],"about":[{"href":"https:\/\/uus.kokariided.ee\/en\/wp-json\/wp\/v2\/types\/product"}],"replies":[{"embeddable":true,"href":"https:\/\/uus.kokariided.ee\/en\/wp-json\/wp\/v2\/comments?post=9188"}],"wp:featuredmedia":[{"embeddable":true,"href":"https:\/\/uus.kokariided.ee\/en\/wp-json\/wp\/v2\/media\/9189"}],"wp:attachment":[{"href":"https:\/\/uus.kokariided.ee\/en\/wp-json\/wp\/v2\/media?parent=9188"}],"wp:term":[{"taxonomy":"product_cat","embeddable":true,"href":"https:\/\/uus.kokariided.ee\/en\/wp-json\/wp\/v2\/product_cat?post=9188"},{"taxonomy":"product_tag","embeddable":true,"href":"https:\/\/uus.kokariided.ee\/en\/wp-json\/wp\/v2\/product_tag?post=9188"}],"curies":[{"name":"wp","href":"https:\/\/api.w.org\/{rel}","templated":true}]}}