{"id":9233,"date":"2017-11-30T17:23:27","date_gmt":"2017-11-30T17:23:27","guid":{"rendered":"https:\/\/uus.kokariided.ee\/?product=meeste-kokajakk-ottavio-mm-jeans"},"modified":"2025-02-26T11:20:53","modified_gmt":"2025-02-26T11:20:53","slug":"meeste-kokajakk-ottavio-mm-jeans","status":"publish","type":"product","link":"https:\/\/uus.kokariided.ee\/en\/product\/meeste-kokajakk-ottavio-mm-jeans\/","title":{"rendered":"Kokajakk Ottavio MM Jeans PC"},"content":{"rendered":"","protected":false},"excerpt":{"rendered":"<p>Unisex kokajakk, mille seljaosal on veniv ning hingav v\u00f5rkkangas. L\u00fchikesed varrukad ning jaki esiosa on pol\u00fcester-puuvillasegust. Vasakul rinnal on tasku, kitsas tasku on ka vasakul varrukal. Kinnitus on peidetud trukkidega, millel puudub nahakontakt.<br \/>\n60% pol\u00fcester, 40% puuvill<br \/>\nSaadaval suurustes S &#8211; 4XL<\/p>","protected":false},"featured_media":9234,"comment_status":"open","ping_status":"closed","template":"","meta":[],"product_cat":[110,104,789],"product_tag":[],"class_list":{"0":"post-9233","1":"product","2":"type-product","3":"status-publish","4":"has-post-thumbnail","6":"product_brand-egochef","7":"product_cat-kokajakid","8":"product_cat-kokariided","9":"product_cat-meeste-unisex-kokajakid","11":"first","12":"instock","13":"shipping-taxable","14":"purchasable","15":"product-type-variable"},"_links":{"self":[{"href":"https:\/\/uus.kokariided.ee\/en\/wp-json\/wp\/v2\/product\/9233","targetHints":{"allow":["GET"]}}],"collection":[{"href":"https:\/\/uus.kokariided.ee\/en\/wp-json\/wp\/v2\/product"}],"about":[{"href":"https:\/\/uus.kokariided.ee\/en\/wp-json\/wp\/v2\/types\/product"}],"replies":[{"embeddable":true,"href":"https:\/\/uus.kokariided.ee\/en\/wp-json\/wp\/v2\/comments?post=9233"}],"wp:featuredmedia":[{"embeddable":true,"href":"https:\/\/uus.kokariided.ee\/en\/wp-json\/wp\/v2\/media\/9234"}],"wp:attachment":[{"href":"https:\/\/uus.kokariided.ee\/en\/wp-json\/wp\/v2\/media?parent=9233"}],"wp:term":[{"taxonomy":"product_cat","embeddable":true,"href":"https:\/\/uus.kokariided.ee\/en\/wp-json\/wp\/v2\/product_cat?post=9233"},{"taxonomy":"product_tag","embeddable":true,"href":"https:\/\/uus.kokariided.ee\/en\/wp-json\/wp\/v2\/product_tag?post=9233"}],"curies":[{"name":"wp","href":"https:\/\/api.w.org\/{rel}","templated":true}]}}