{"id":9432,"date":"2017-12-04T10:35:49","date_gmt":"2017-12-04T10:35:49","guid":{"rendered":"https:\/\/uus.kokariided.ee\/?product=puestiseisulaua-kate-136"},"modified":"2017-12-04T10:56:58","modified_gmt":"2017-12-04T10:56:58","slug":"puestiseisulaua-kate-136","status":"publish","type":"product","link":"https:\/\/uus.kokariided.ee\/en\/product\/puestiseisulaua-kate-136\/","title":{"rendered":"P\u00fcstiseisulaua kate 136"},"content":{"rendered":"","protected":false},"excerpt":{"rendered":"<p>Materjal: 90% pol\u00fcester 10% elastaanGrammkaal: 180g\/m2Lauaplaadi l\u00e4bim\u00f5\u00f5t:\u00a0\u00d8 80cmHinnad sisaldavad k\u00e4ibemaksu!<\/p>","protected":false},"featured_media":9433,"comment_status":"open","ping_status":"closed","template":"","meta":[],"product_cat":[715,155],"product_tag":[],"class_list":{"0":"post-9432","1":"product","2":"type-product","3":"status-publish","4":"has-post-thumbnail","6":"product_cat-puestiseisulaua-katted","7":"product_cat-sisustustooted","9":"first","10":"instock","11":"shipping-taxable","12":"purchasable","13":"product-type-variable"},"_links":{"self":[{"href":"https:\/\/uus.kokariided.ee\/en\/wp-json\/wp\/v2\/product\/9432","targetHints":{"allow":["GET"]}}],"collection":[{"href":"https:\/\/uus.kokariided.ee\/en\/wp-json\/wp\/v2\/product"}],"about":[{"href":"https:\/\/uus.kokariided.ee\/en\/wp-json\/wp\/v2\/types\/product"}],"replies":[{"embeddable":true,"href":"https:\/\/uus.kokariided.ee\/en\/wp-json\/wp\/v2\/comments?post=9432"}],"wp:featuredmedia":[{"embeddable":true,"href":"https:\/\/uus.kokariided.ee\/en\/wp-json\/wp\/v2\/media\/9433"}],"wp:attachment":[{"href":"https:\/\/uus.kokariided.ee\/en\/wp-json\/wp\/v2\/media?parent=9432"}],"wp:term":[{"taxonomy":"product_cat","embeddable":true,"href":"https:\/\/uus.kokariided.ee\/en\/wp-json\/wp\/v2\/product_cat?post=9432"},{"taxonomy":"product_tag","embeddable":true,"href":"https:\/\/uus.kokariided.ee\/en\/wp-json\/wp\/v2\/product_tag?post=9432"}],"curies":[{"name":"wp","href":"https:\/\/api.w.org\/{rel}","templated":true}]}}