{"id":9477,"date":"2017-12-04T11:20:05","date_gmt":"2017-12-04T11:20:05","guid":{"rendered":"https:\/\/uus.kokariided.ee\/?product=puestiseisulaua-kate-antracite"},"modified":"2017-12-04T11:30:44","modified_gmt":"2017-12-04T11:30:44","slug":"puestiseisulaua-kate-antracite","status":"publish","type":"product","link":"https:\/\/uus.kokariided.ee\/en\/product\/puestiseisulaua-kate-antracite\/","title":{"rendered":"P\u00fcstiseisulaua kate antracite"},"content":{"rendered":"","protected":false},"excerpt":{"rendered":"<p>Materjal:\u00a0100% pol\u00fcester\u00a0Grammkaal: 135g\/m2Lauaplaadi l\u00e4bim\u00f5\u00f5t:\u00a0\u00d8 85cmHinnad sisaldavad k\u00e4ibemaksu!<\/p>","protected":false},"featured_media":9478,"comment_status":"open","ping_status":"closed","template":"","meta":[],"product_cat":[715,155],"product_tag":[],"class_list":{"0":"post-9477","1":"product","2":"type-product","3":"status-publish","4":"has-post-thumbnail","6":"product_cat-puestiseisulaua-katted","7":"product_cat-sisustustooted","9":"first","10":"instock","11":"shipping-taxable","12":"purchasable","13":"product-type-variable"},"_links":{"self":[{"href":"https:\/\/uus.kokariided.ee\/en\/wp-json\/wp\/v2\/product\/9477","targetHints":{"allow":["GET"]}}],"collection":[{"href":"https:\/\/uus.kokariided.ee\/en\/wp-json\/wp\/v2\/product"}],"about":[{"href":"https:\/\/uus.kokariided.ee\/en\/wp-json\/wp\/v2\/types\/product"}],"replies":[{"embeddable":true,"href":"https:\/\/uus.kokariided.ee\/en\/wp-json\/wp\/v2\/comments?post=9477"}],"wp:featuredmedia":[{"embeddable":true,"href":"https:\/\/uus.kokariided.ee\/en\/wp-json\/wp\/v2\/media\/9478"}],"wp:attachment":[{"href":"https:\/\/uus.kokariided.ee\/en\/wp-json\/wp\/v2\/media?parent=9477"}],"wp:term":[{"taxonomy":"product_cat","embeddable":true,"href":"https:\/\/uus.kokariided.ee\/en\/wp-json\/wp\/v2\/product_cat?post=9477"},{"taxonomy":"product_tag","embeddable":true,"href":"https:\/\/uus.kokariided.ee\/en\/wp-json\/wp\/v2\/product_tag?post=9477"}],"curies":[{"name":"wp","href":"https:\/\/api.w.org\/{rel}","templated":true}]}}