{"id":9543,"date":"2017-12-04T13:26:59","date_gmt":"2017-12-04T13:26:59","guid":{"rendered":"https:\/\/uus.kokariided.ee\/?product=eritellimusega-toolikatte-pohi"},"modified":"2017-12-04T13:43:06","modified_gmt":"2017-12-04T13:43:06","slug":"eritellimusega-toolikatte-pohi","status":"publish","type":"product","link":"https:\/\/uus.kokariided.ee\/en\/product\/eritellimusega-toolikatte-pohi\/","title":{"rendered":"ERITELLIMUSEGA TOOLIKATTE P\u00d5HI"},"content":{"rendered":"<p>Valmistame Teile sobiva katte Teie enda soovitud kangast ja soovitud v\u00e4rvitoonist.<\/p>\n<p>Saadame Teile hinnapakkumise, kui oleme saanud info soovitud kanga, v\u00e4rvitooni ja m\u00f5\u00f5tudega.<\/p>","protected":false},"excerpt":{"rendered":"<p>Kui soovite tellida katteid toolidele, mida meie olemasolevast valikust ei leia, siis kasutage olemasolevat tellimisblanketti, lisage sinna k\u00f5ik vajalikud m\u00f5\u00f5dud ja saatke ka pilt konkreetsest toolist, millele Te katet soovite.<\/p>","protected":false},"featured_media":9544,"comment_status":"open","ping_status":"closed","template":"","meta":[],"product_cat":[711,155],"product_tag":[],"class_list":{"0":"post-9543","1":"product","2":"type-product","3":"status-publish","4":"has-post-thumbnail","6":"product_cat-eritellimusega-toodete-moodutabelid","7":"product_cat-sisustustooted","9":"first","10":"instock","11":"shipping-taxable","12":"purchasable","13":"product-type-simple"},"_links":{"self":[{"href":"https:\/\/uus.kokariided.ee\/en\/wp-json\/wp\/v2\/product\/9543","targetHints":{"allow":["GET"]}}],"collection":[{"href":"https:\/\/uus.kokariided.ee\/en\/wp-json\/wp\/v2\/product"}],"about":[{"href":"https:\/\/uus.kokariided.ee\/en\/wp-json\/wp\/v2\/types\/product"}],"replies":[{"embeddable":true,"href":"https:\/\/uus.kokariided.ee\/en\/wp-json\/wp\/v2\/comments?post=9543"}],"wp:featuredmedia":[{"embeddable":true,"href":"https:\/\/uus.kokariided.ee\/en\/wp-json\/wp\/v2\/media\/9544"}],"wp:attachment":[{"href":"https:\/\/uus.kokariided.ee\/en\/wp-json\/wp\/v2\/media?parent=9543"}],"wp:term":[{"taxonomy":"product_cat","embeddable":true,"href":"https:\/\/uus.kokariided.ee\/en\/wp-json\/wp\/v2\/product_cat?post=9543"},{"taxonomy":"product_tag","embeddable":true,"href":"https:\/\/uus.kokariided.ee\/en\/wp-json\/wp\/v2\/product_tag?post=9543"}],"curies":[{"name":"wp","href":"https:\/\/api.w.org\/{rel}","templated":true}]}}