{"id":9642,"date":"2017-12-04T16:51:13","date_gmt":"2017-12-04T16:51:13","guid":{"rendered":"https:\/\/uus.kokariided.ee\/?product=must-servjett"},"modified":"2025-08-12T17:07:33","modified_gmt":"2025-08-12T17:07:33","slug":"must-servjett","status":"publish","type":"product","link":"https:\/\/uus.kokariided.ee\/en\/product\/must-servjett\/","title":{"rendered":"Must servjett 40x40cm"},"content":{"rendered":"","protected":false},"excerpt":{"rendered":"<p>Musta v\u00e4rvi\u00a0servjett \/ salvr\u00e4tik<br \/>\nM\u00f5\u00f5dud: 40*40 cm50% puuvill, 50% pol\u00fcester4\u00a0servast \u00f5mmeldudmusta\u00a0v\u00e4rvi<\/p>","protected":false},"featured_media":9643,"comment_status":"open","ping_status":"closed","template":"","meta":[],"product_cat":[735,155],"product_tag":[],"class_list":{"0":"post-9642","1":"product","2":"type-product","3":"status-publish","4":"has-post-thumbnail","6":"product_cat-salfad-servjetid-salvraetid","7":"product_cat-sisustustooted","9":"first","10":"instock","11":"shipping-taxable","12":"purchasable","13":"product-type-variable"},"_links":{"self":[{"href":"https:\/\/uus.kokariided.ee\/en\/wp-json\/wp\/v2\/product\/9642","targetHints":{"allow":["GET"]}}],"collection":[{"href":"https:\/\/uus.kokariided.ee\/en\/wp-json\/wp\/v2\/product"}],"about":[{"href":"https:\/\/uus.kokariided.ee\/en\/wp-json\/wp\/v2\/types\/product"}],"replies":[{"embeddable":true,"href":"https:\/\/uus.kokariided.ee\/en\/wp-json\/wp\/v2\/comments?post=9642"}],"wp:featuredmedia":[{"embeddable":true,"href":"https:\/\/uus.kokariided.ee\/en\/wp-json\/wp\/v2\/media\/9643"}],"wp:attachment":[{"href":"https:\/\/uus.kokariided.ee\/en\/wp-json\/wp\/v2\/media?parent=9642"}],"wp:term":[{"taxonomy":"product_cat","embeddable":true,"href":"https:\/\/uus.kokariided.ee\/en\/wp-json\/wp\/v2\/product_cat?post=9642"},{"taxonomy":"product_tag","embeddable":true,"href":"https:\/\/uus.kokariided.ee\/en\/wp-json\/wp\/v2\/product_tag?post=9642"}],"curies":[{"name":"wp","href":"https:\/\/api.w.org\/{rel}","templated":true}]}}