{"id":9709,"date":"2017-12-05T11:34:36","date_gmt":"2017-12-05T11:34:36","guid":{"rendered":"https:\/\/uus.kokariided.ee\/?product=naiste-polosaerk-1755943061"},"modified":"2024-08-12T14:28:58","modified_gmt":"2024-08-12T14:28:58","slug":"naiste-polosaerk-1755943061","status":"publish","type":"product","link":"https:\/\/uus.kokariided.ee\/en\/product\/naiste-polosaerk-1755943061\/","title":{"rendered":"Naiste polos\u00e4rk oran\u017e"},"content":{"rendered":"","protected":false},"excerpt":{"rendered":"<p>65% pol\u00fcester \/ 35% puuvill, 200 gr\/m2<\/p>","protected":false},"featured_media":9710,"comment_status":"open","ping_status":"closed","template":"","meta":[],"product_cat":[757,753,145],"product_tag":[],"class_list":{"0":"post-9709","1":"product","2":"type-product","3":"status-publish","4":"has-post-thumbnail","6":"product_brand-greiff","7":"product_cat-naiste-polosaergid","8":"product_cat-saergid-ja-pluusid","9":"product_cat-teenindusriided","11":"first","12":"instock","13":"shipping-taxable","14":"purchasable","15":"product-type-variable"},"_links":{"self":[{"href":"https:\/\/uus.kokariided.ee\/en\/wp-json\/wp\/v2\/product\/9709","targetHints":{"allow":["GET"]}}],"collection":[{"href":"https:\/\/uus.kokariided.ee\/en\/wp-json\/wp\/v2\/product"}],"about":[{"href":"https:\/\/uus.kokariided.ee\/en\/wp-json\/wp\/v2\/types\/product"}],"replies":[{"embeddable":true,"href":"https:\/\/uus.kokariided.ee\/en\/wp-json\/wp\/v2\/comments?post=9709"}],"wp:featuredmedia":[{"embeddable":true,"href":"https:\/\/uus.kokariided.ee\/en\/wp-json\/wp\/v2\/media\/9710"}],"wp:attachment":[{"href":"https:\/\/uus.kokariided.ee\/en\/wp-json\/wp\/v2\/media?parent=9709"}],"wp:term":[{"taxonomy":"product_cat","embeddable":true,"href":"https:\/\/uus.kokariided.ee\/en\/wp-json\/wp\/v2\/product_cat?post=9709"},{"taxonomy":"product_tag","embeddable":true,"href":"https:\/\/uus.kokariided.ee\/en\/wp-json\/wp\/v2\/product_tag?post=9709"}],"curies":[{"name":"wp","href":"https:\/\/api.w.org\/{rel}","templated":true}]}}