{"id":9718,"date":"2017-12-05T11:34:48","date_gmt":"2017-12-05T11:34:48","guid":{"rendered":"https:\/\/uus.kokariided.ee\/?product=naiste-polosaerk-kollane"},"modified":"2024-03-26T15:10:27","modified_gmt":"2024-03-26T15:10:27","slug":"naiste-polosaerk-kollane","status":"publish","type":"product","link":"https:\/\/uus.kokariided.ee\/en\/product\/naiste-polosaerk-kollane\/","title":{"rendered":"Naiste polos\u00e4rk, kollane"},"content":{"rendered":"","protected":false},"excerpt":{"rendered":"<p>Naiste l\u00fchikeste varrukatega polos\u00e4rk, millel on kolme n\u00f6\u00f6biga kinnitus.<br \/>\nMaterjal: 65% pol\u00fcester, 35% puuvill, 200 gr\/m2, pesu kuni 60 kraadi.<br \/>\nSuurused S-2XL<\/p>","protected":false},"featured_media":9719,"comment_status":"open","ping_status":"closed","template":"","meta":[],"product_cat":[757,753,145],"product_tag":[],"class_list":{"0":"post-9718","1":"product","2":"type-product","3":"status-publish","4":"has-post-thumbnail","6":"product_brand-sols","7":"product_cat-naiste-polosaergid","8":"product_cat-saergid-ja-pluusid","9":"product_cat-teenindusriided","11":"first","12":"instock","13":"shipping-taxable","14":"purchasable","15":"product-type-variable"},"_links":{"self":[{"href":"https:\/\/uus.kokariided.ee\/en\/wp-json\/wp\/v2\/product\/9718","targetHints":{"allow":["GET"]}}],"collection":[{"href":"https:\/\/uus.kokariided.ee\/en\/wp-json\/wp\/v2\/product"}],"about":[{"href":"https:\/\/uus.kokariided.ee\/en\/wp-json\/wp\/v2\/types\/product"}],"replies":[{"embeddable":true,"href":"https:\/\/uus.kokariided.ee\/en\/wp-json\/wp\/v2\/comments?post=9718"}],"wp:featuredmedia":[{"embeddable":true,"href":"https:\/\/uus.kokariided.ee\/en\/wp-json\/wp\/v2\/media\/9719"}],"wp:attachment":[{"href":"https:\/\/uus.kokariided.ee\/en\/wp-json\/wp\/v2\/media?parent=9718"}],"wp:term":[{"taxonomy":"product_cat","embeddable":true,"href":"https:\/\/uus.kokariided.ee\/en\/wp-json\/wp\/v2\/product_cat?post=9718"},{"taxonomy":"product_tag","embeddable":true,"href":"https:\/\/uus.kokariided.ee\/en\/wp-json\/wp\/v2\/product_tag?post=9718"}],"curies":[{"name":"wp","href":"https:\/\/api.w.org\/{rel}","templated":true}]}}